{"id":931,"date":"2017-02-15T14:51:32","date_gmt":"2017-02-15T13:51:32","guid":{"rendered":"http:\/\/kulturkreis-wattenbek.de\/?page_id=931"},"modified":"2019-11-05T10:44:01","modified_gmt":"2019-11-05T09:44:01","slug":"home","status":"publish","type":"page","link":"https:\/\/kulturkreis-wattenbek.de\/?page_id=931","title":{"rendered":"Home"},"content":{"rendered":"<div align=\"center\">\n<table>\n<tbody>\n<tr>\n<td><b><span style=\"color: #cc0000; font-family: Comic Sans MS; font-size: xx-large;\">Kulturkreis<br \/>\nWattenbek e.V.<\/span><\/b><\/td>\n<td>\n<p align=\"right\"><img loading=\"lazy\" decoding=\"async\" src=\"https:\/\/kulturkreis-wattenbek.de\/wp-content\/uploads\/2016\/04\/logo_bunt_mini02_gif-1-1.gif\" width=\"100\" height=\"77\" border=\"0\" \/><\/p>\n<\/td>\n<\/tr>\n<\/tbody>\n<\/table>\n<\/div>\n<div align=\"center\">\n<table border=\"0\" width=\"700\">\n<tbody>\n<tr>\n<td>\n<p style=\"margin: 0px 0cm 4px;\"><span style=\"font-family: Comic Sans MS;\">Der Kulturkreis Wattenbek wurde 1997 von 22 Gr\u00fcndungsmitgliedern ins Leben gerufen. Ziel war es, in der wachsenden Gemeinde das Miteinander und das Zusammenwachsen der B\u00fcrger zu f\u00f6rdern.<\/span><\/p>\n<p style=\"margin: 0px 0cm 4px;\"><span style=\"font-family: Comic Sans MS;\">Die Initiativen und die Aktivit\u00e4ten sollten dabei \u201evon unten\u201c kommen. Statt wenige mit der Organisation von Veranstaltungen zu betrauen, sollten viele Interessierte unterschiedliche Dinge f\u00fcr jedermann anbieten, um so mit einer &#8222;Kultur zum Anfassen&#8220; eine gro\u00dfe Akzeptanz von Aktivit\u00e4ten zu erreichen.<\/span><\/p>\n<p style=\"margin: 0px 0cm 4px;\"><span style=\"font-family: Comic Sans MS;\">Dieses Konzept ist voll aufgegangen. Mittlerweile z\u00e4hlt der Kulturkreis mehr als 100 Mitglieder. In den vergangenen Jahren hat es mehr als 1.000 Veranstaltungen, Kurse oder Arbeitsgruppentermine gegeben. Viele Tausend Besucher bzw. Teilnehmer haben wir dabei begr\u00fc\u00dfen k\u00f6nnen.<\/span><\/p>\n<p style=\"margin: 0px 0cm;\"><span style=\"font-family: Comic Sans MS;\"><br \/>\nNeben festen Gruppen, wie z.B.<\/span><\/p>\n<ul>\n<li><span style=\"font-family: Comic Sans MS;\">\u00a0<\/span><span style=\"font-family: 'Comic Sans MS';\">Kreativgruppe \u201eWatt een Patch\u201c,<\/span><\/li>\n<li><span style=\"font-family: 'Comic Sans MS';\">Gruppe \u201eTurnen f\u00fcr \u00c4ltere\u201c und<\/span><\/li>\n<li><span style=\"font-family: 'Comic Sans MS';\">Kochbuchgruppe <\/span><span style=\"font-family: Comic Sans MS;\">(\u00fcber 12.000 verkauften Kochb\u00fcchern!)<\/span><\/li>\n<\/ul>\n<p class=\"MsoNormal\" style=\"line-height: normal; margin-top: 0px; margin-bottom: 0px;\"><span style=\"font-family: Comic Sans MS;\">gibt es offene fortlaufende Angebote, wie z.B.<\/span><\/p>\n<ul>\n<li><span style=\"font-family: Comic Sans MS;\">Holzbildhauerkurse,<\/span><\/li>\n<li><span style=\"font-family: Comic Sans MS;\">Wattenbeker Spieletreff,<\/span><\/li>\n<li><span style=\"font-family: Comic Sans MS;\">Schach f\u00fcr Erwachsene und<\/span><\/li>\n<li><span style=\"font-family: Comic Sans MS;\">Fr\u00fchjahrs- und Weihnachtsdekorationen<\/span><\/li>\n<\/ul>\n<p class=\"MsoNormal\" style=\"line-height: normal; margin-top: 0px; margin-bottom: 0px;\"><span style=\"font-size: 12pt; font-family: 'Comic Sans MS';\">und Veranstaltungen, die mittlerweile schon \u201eWattenbeker Institution\u201c sind<\/span><\/p>\n<ul>\n<li><span style=\"font-family: Comic Sans MS;\">die Kunstausstellungen,<\/span><\/li>\n<li><span style=\"font-family: Comic Sans MS;\">die Patchworkausstellungen,<\/span><\/li>\n<li><span style=\"font-family: Comic Sans MS;\">die Kleider- und Spielzeugb\u00f6rsen \u201eFamilien helfen Familien\u201c und<\/span><\/li>\n<li><span style=\"font-size: 12pt; font-family: 'Comic Sans MS';\">die Kleiderb\u00f6rsen f\u00fcr Erwachsene.<\/span><\/li>\n<\/ul>\n<\/td>\n<td align=\"right\" width=\"100\"><img loading=\"lazy\" decoding=\"async\" src=\"https:\/\/kulturkreis-wattenbek.de\/wp-content\/uploads\/2016\/04\/maske-1.gif\" width=\"100\" height=\"100\" border=\"0\" \/><\/p>\n<p><img loading=\"lazy\" decoding=\"async\" src=\"https:\/\/kulturkreis-wattenbek.de\/wp-content\/uploads\/2016\/04\/schehre-1.gif\" width=\"100\" height=\"100\" border=\"0\" \/><\/p>\n<p><img loading=\"lazy\" decoding=\"async\" src=\"https:\/\/kulturkreis-wattenbek.de\/wp-content\/uploads\/2016\/04\/pinsel_farbe-1.gif\" width=\"100\" height=\"100\" border=\"0\" \/><\/p>\n<p><img loading=\"lazy\" decoding=\"async\" src=\"https:\/\/kulturkreis-wattenbek.de\/wp-content\/uploads\/2016\/04\/suppenterrine-1.gif\" width=\"100\" height=\"100\" border=\"0\" \/><\/p>\n<p><img loading=\"lazy\" decoding=\"async\" src=\"https:\/\/kulturkreis-wattenbek.de\/wp-content\/uploads\/2016\/04\/weltkarte-1.gif\" width=\"100\" height=\"100\" border=\"0\" \/><\/td>\n<\/tr>\n<\/tbody>\n<\/table>\n<\/div>\n<div align=\"center\">\n<table id=\"table1\" border=\"0\" width=\"700\" cellspacing=\"1\">\n<tbody>\n<tr>\n<td valign=\"top\">\n<p class=\"MsoNormal\" style=\"line-height: normal; margin-top: 0; margin-bottom: 4px;\"><span style=\"font-size: 12.0pt; font-family: 'Comic Sans MS';\">Wir organisieren Musikveranstaltungen, Lesungen, Vortr\u00e4ge, F\u00fchrungen, Tageskurse in<br \/>\nz.B. <\/span><\/p>\n<ul>\n<li class=\"MsoNormal\" style=\"line-height: normal;\"><span style=\"font-size: 12.0pt; font-family: 'Comic Sans MS';\">Maltechniken oder auch <\/span><\/li>\n<li class=\"MsoNormal\" style=\"line-height: normal;\"><span style=\"font-size: 12.0pt; font-family: 'Comic Sans MS';\">Wettbewerbe.<\/span><\/li>\n<\/ul>\n<p class=\"MsoNormal\" style=\"line-height: normal; margin-top: 0; margin-bottom: 4px;\"><span style=\"font-size: 12.0pt; font-family: 'Comic Sans MS';\"><br \/>\nInformationen \u00fcber unsere Veranstaltungen finden Sie in der \u00f6rtlichen Presse oder<br \/>\n<a href=\"https:\/\/kulturkreis-wattenbek.de\/?page_id=208\">a<span style=\"text-decoration: underline;\">uf dieser Website in der Rubrik Veranstaltungen<\/span><\/a><\/span><\/p>\n<p class=\"MsoNormal\" style=\"line-height: normal; margin-top: 0; margin-bottom: 4px;\"><span style=\"font-size: 12.0pt; font-family: Comic Sans MS;\"><br \/>\nKontaktinformationen sind verf\u00fcgbar unter <a href=\"https:\/\/kulturkreis-wattenbek.de\/?page_id=133\">Kontakt<\/a>.<br \/>\n<\/span><\/p>\n<p><span style=\"font-size: small;\">(Stand: M\u00e4rz 2015, aktualisiert: Feb 2019)<\/span><\/td>\n<\/tr>\n<\/tbody>\n<\/table>\n<\/div>\n","protected":false},"excerpt":{"rendered":"<p>Kulturkreis Wattenbek e.V. Der Kulturkreis Wattenbek wurde 1997 von 22 Gr\u00fcndungsmitgliedern ins Leben gerufen. Ziel war es, in der wachsenden Gemeinde das Miteinander und das Zusammenwachsen der B\u00fcrger zu f\u00f6rdern. Die Initiativen und die Aktivit\u00e4ten sollten dabei \u201evon unten\u201c kommen. Statt wenige mit der Organisation von Veranstaltungen zu betrauen, sollten viele Interessierte unterschiedliche Dinge f\u00fcr [&hellip;]<\/p>\n","protected":false},"author":1,"featured_media":0,"parent":0,"menu_order":0,"comment_status":"closed","ping_status":"closed","template":"","meta":{"footnotes":""},"class_list":["post-931","page","type-page","status-publish","hentry"],"_links":{"self":[{"href":"https:\/\/kulturkreis-wattenbek.de\/index.php?rest_route=\/wp\/v2\/pages\/931","targetHints":{"allow":["GET"]}}],"collection":[{"href":"https:\/\/kulturkreis-wattenbek.de\/index.php?rest_route=\/wp\/v2\/pages"}],"about":[{"href":"https:\/\/kulturkreis-wattenbek.de\/index.php?rest_route=\/wp\/v2\/types\/page"}],"author":[{"embeddable":true,"href":"https:\/\/kulturkreis-wattenbek.de\/index.php?rest_route=\/wp\/v2\/users\/1"}],"replies":[{"embeddable":true,"href":"https:\/\/kulturkreis-wattenbek.de\/index.php?rest_route=%2Fwp%2Fv2%2Fcomments&post=931"}],"version-history":[{"count":11,"href":"https:\/\/kulturkreis-wattenbek.de\/index.php?rest_route=\/wp\/v2\/pages\/931\/revisions"}],"predecessor-version":[{"id":1590,"href":"https:\/\/kulturkreis-wattenbek.de\/index.php?rest_route=\/wp\/v2\/pages\/931\/revisions\/1590"}],"wp:attachment":[{"href":"https:\/\/kulturkreis-wattenbek.de\/index.php?rest_route=%2Fwp%2Fv2%2Fmedia&parent=931"}],"curies":[{"name":"wp","href":"https:\/\/api.w.org\/{rel}","templated":true}]}}