{"id":86108,"date":"2023-05-15T17:20:33","date_gmt":"2023-05-15T15:20:33","guid":{"rendered":"https:\/\/kulturkreis-wattenbek.de\/?page_id=86108"},"modified":"2023-05-15T17:27:42","modified_gmt":"2023-05-15T15:27:42","slug":"kis-kunst-im-schalthaus","status":"publish","type":"page","link":"https:\/\/kulturkreis-wattenbek.de\/?page_id=86108","title":{"rendered":"KIS &#8211; Kunst im Schalthaus"},"content":{"rendered":"<p>Die Gemeinde Wattenbek und der Kulturkreis starten eine neue Aktion:<br \/>\n<span style=\"color: #ff0000;\"><strong>KIS \u2013 Kunst im Schalthaus.<\/strong><\/span><br \/>\nDahinter verbirgt sich das Angebot an \u00f6rtliche und regionale K\u00fcnstlerInnen, im viel genutzten Saal des Schalthauses jeweils f\u00fcr 4 Monate eigene Bilder kostenfrei auszustellen.<\/p>\n<p>Gestartet wird mit der Gemeinschaftsausstellung \u201c<a href=\"https:\/\/kulturkreis-wattenbek.de\/?p=85552\"> Potpourri<\/a>\u201d der Malgruppe \u201cWatt\u00b4n Kunst\u201d des Kulturkreises.<\/p>\n<p>siehe auch <a href=\"https:\/\/www.facebook.com\/people\/KIS-Kunst-im-Schalthaus\/100091862785175\/\">bei Facebook<\/a><\/p>\n","protected":false},"excerpt":{"rendered":"<p>Die Gemeinde Wattenbek und der Kulturkreis starten eine neue Aktion: KIS \u2013 Kunst im Schalthaus. Dahinter verbirgt sich das Angebot an \u00f6rtliche und regionale K\u00fcnstlerInnen, im viel genutzten Saal des Schalthauses jeweils f\u00fcr 4 Monate eigene Bilder kostenfrei auszustellen. Gestartet wird mit der Gemeinschaftsausstellung \u201c Potpourri\u201d der Malgruppe \u201cWatt\u00b4n Kunst\u201d des Kulturkreises. siehe auch bei [&hellip;]<\/p>\n","protected":false},"author":7,"featured_media":0,"parent":0,"menu_order":0,"comment_status":"closed","ping_status":"closed","template":"","meta":{"footnotes":""},"class_list":["post-86108","page","type-page","status-publish","hentry"],"_links":{"self":[{"href":"https:\/\/kulturkreis-wattenbek.de\/index.php?rest_route=\/wp\/v2\/pages\/86108","targetHints":{"allow":["GET"]}}],"collection":[{"href":"https:\/\/kulturkreis-wattenbek.de\/index.php?rest_route=\/wp\/v2\/pages"}],"about":[{"href":"https:\/\/kulturkreis-wattenbek.de\/index.php?rest_route=\/wp\/v2\/types\/page"}],"author":[{"embeddable":true,"href":"https:\/\/kulturkreis-wattenbek.de\/index.php?rest_route=\/wp\/v2\/users\/7"}],"replies":[{"embeddable":true,"href":"https:\/\/kulturkreis-wattenbek.de\/index.php?rest_route=%2Fwp%2Fv2%2Fcomments&post=86108"}],"version-history":[{"count":2,"href":"https:\/\/kulturkreis-wattenbek.de\/index.php?rest_route=\/wp\/v2\/pages\/86108\/revisions"}],"predecessor-version":[{"id":86124,"href":"https:\/\/kulturkreis-wattenbek.de\/index.php?rest_route=\/wp\/v2\/pages\/86108\/revisions\/86124"}],"wp:attachment":[{"href":"https:\/\/kulturkreis-wattenbek.de\/index.php?rest_route=%2Fwp%2Fv2%2Fmedia&parent=86108"}],"curies":[{"name":"wp","href":"https:\/\/api.w.org\/{rel}","templated":true}]}}