{"id":710,"date":"2016-10-28T12:45:47","date_gmt":"2016-10-28T10:45:47","guid":{"rendered":"http:\/\/kulturkreis-wattenbek.de\/?page_id=710"},"modified":"2019-07-05T17:16:34","modified_gmt":"2019-07-05T15:16:34","slug":"archiv","status":"publish","type":"page","link":"https:\/\/kulturkreis-wattenbek.de\/?page_id=710","title":{"rendered":"Archiv"},"content":{"rendered":"<p>Hier haben wir archivierte Seiten, die vor einiger Zeit noch in Verwendung gewesen sind.<\/p>\n<p>Die Seiten hier erheben keinen Anspruch auf Aktualit\u00e4t, an einigen Stellen sind durch Fu\u00dfnoten veraltete Stellen markiert, allerdings lange nicht an allen.<\/p>\n<ul>\n<li><a href=\"https:\/\/kulturkreis-wattenbek.de\/?page_id=636\" target=\"_blank\" rel=\"noopener\">Ank\u00fcndigung 12. Nov 2016: Erste Hilfe am Kind<\/a><\/li>\n<li><a href=\"https:\/\/kulturkreis-wattenbek.de\/?page_id=629\" target=\"_blank\" rel=\"noopener\">Ank\u00fcndigung 18. Nov 2016: Gleisdreieck rockt das Schalthaus<\/a><\/li>\n<li><a href=\"https:\/\/kulturkreis-wattenbek.de\/?page_id=633\" target=\"_blank\" rel=\"noopener\">Ank\u00fcndigung 19.Nov.2016 : Tanzwerkstatt und Bal-Folk-Tanzabend mit Strandgut<\/a><\/li>\n<li><a href=\"https:\/\/kulturkreis-wattenbek.de\/?p=826\" target=\"_blank\" rel=\"noopener\">Ank\u00fcndigung 12. Jan 2017: Vortrag &#8222;Winter \u2013 Quelle der Kraft&#8220;<\/a><\/li>\n<li><a href=\"https:\/\/kulturkreis-wattenbek.de\/?p=120\" target=\"_blank\" rel=\"noopener\">Ank\u00fcndigung 21.+22. Jan 2017: 6. Ausstellung &#8222;Watt een Patch<\/a><\/li>\n<li><a href=\"https:\/\/kulturkreis-wattenbek.de\/?page_id=169\" target=\"_blank\" rel=\"noopener\">Chor Choriosso (Gastbeitrag)<\/a><\/li>\n<li><a href=\"https:\/\/kulturkreis-wattenbek.de\/?page_id=141\" target=\"_blank\" rel=\"noopener\">Musiktheater oder was?<\/a><\/li>\n<\/ul>\n<p>Die Links \u00f6ffnen ein neues Fenser<\/p>\n","protected":false},"excerpt":{"rendered":"<p>Hier haben wir archivierte Seiten, die vor einiger Zeit noch in Verwendung gewesen sind. Die Seiten hier erheben keinen Anspruch auf Aktualit\u00e4t, an einigen Stellen sind durch Fu\u00dfnoten veraltete Stellen markiert, allerdings lange nicht an allen. Ank\u00fcndigung 12. Nov 2016: Erste Hilfe am Kind Ank\u00fcndigung 18. Nov 2016: Gleisdreieck rockt das Schalthaus Ank\u00fcndigung 19.Nov.2016 : [&hellip;]<\/p>\n","protected":false},"author":1,"featured_media":0,"parent":0,"menu_order":0,"comment_status":"closed","ping_status":"closed","template":"","meta":{"footnotes":""},"class_list":["post-710","page","type-page","status-publish","hentry"],"_links":{"self":[{"href":"https:\/\/kulturkreis-wattenbek.de\/index.php?rest_route=\/wp\/v2\/pages\/710","targetHints":{"allow":["GET"]}}],"collection":[{"href":"https:\/\/kulturkreis-wattenbek.de\/index.php?rest_route=\/wp\/v2\/pages"}],"about":[{"href":"https:\/\/kulturkreis-wattenbek.de\/index.php?rest_route=\/wp\/v2\/types\/page"}],"author":[{"embeddable":true,"href":"https:\/\/kulturkreis-wattenbek.de\/index.php?rest_route=\/wp\/v2\/users\/1"}],"replies":[{"embeddable":true,"href":"https:\/\/kulturkreis-wattenbek.de\/index.php?rest_route=%2Fwp%2Fv2%2Fcomments&post=710"}],"version-history":[{"count":21,"href":"https:\/\/kulturkreis-wattenbek.de\/index.php?rest_route=\/wp\/v2\/pages\/710\/revisions"}],"predecessor-version":[{"id":1509,"href":"https:\/\/kulturkreis-wattenbek.de\/index.php?rest_route=\/wp\/v2\/pages\/710\/revisions\/1509"}],"wp:attachment":[{"href":"https:\/\/kulturkreis-wattenbek.de\/index.php?rest_route=%2Fwp%2Fv2%2Fmedia&parent=710"}],"curies":[{"name":"wp","href":"https:\/\/api.w.org\/{rel}","templated":true}]}}