{"id":164,"date":"2016-04-17T21:32:55","date_gmt":"2016-04-17T19:32:55","guid":{"rendered":"http:\/\/test.koljastrohm-games.com\/?page_id=164"},"modified":"2020-05-13T21:35:40","modified_gmt":"2020-05-13T19:35:40","slug":"anregungen","status":"publish","type":"page","link":"https:\/\/kulturkreis-wattenbek.de\/?page_id=164","title":{"rendered":"Anregungen"},"content":{"rendered":"<p align=\"center\"><b><span style=\"font-family: Comic Sans MS; font-size: x-large;\">Anregungen aus durchgef\u00fchrten Aktivit\u00e4ten<\/span><\/b><\/p>\n<p style=\"text-align: left;\"><span style=\"font-family: Comic Sans MS; font-size: large;\">Im folgenden drei Beispiele f\u00fcr Aktivit\u00e4ten, die sehr erfolgreich verlaufen sind und zum Nachahmen bzw. zum Wiederholen einladen:<\/span><\/p>\n<p align=\"center\"><img loading=\"lazy\" decoding=\"async\" class=\"alignnone size-medium wp-image-378\" src=\"https:\/\/kulturkreis-wattenbek.de\/wp-content\/uploads\/2016\/04\/selbstbehauptung01-300x123.jpg\" alt=\"\" width=\"300\" height=\"123\" srcset=\"https:\/\/kulturkreis-wattenbek.de\/wp-content\/uploads\/2016\/04\/selbstbehauptung01-300x123.jpg 300w, https:\/\/kulturkreis-wattenbek.de\/wp-content\/uploads\/2016\/04\/selbstbehauptung01-230x94.jpg 230w, https:\/\/kulturkreis-wattenbek.de\/wp-content\/uploads\/2016\/04\/selbstbehauptung01-350x144.jpg 350w, https:\/\/kulturkreis-wattenbek.de\/wp-content\/uploads\/2016\/04\/selbstbehauptung01.jpg 658w\" sizes=\"auto, (max-width: 300px) 100vw, 300px\" \/><\/p>\n<p><span style=\"font-family: Comic Sans MS;\">Im\u00a0April 1999 wurde ein Selbstbehauptungskurs f\u00fcr M\u00e4dchen durchgef\u00fchrt.<\/span><\/p>\n<p><span style=\"font-family: Comic Sans MS;\">Unter dem Motto &#8222;Verpiss dich!&#8220; wurde das selbstbewusste Auftreten in brenzligen Situationen trainiert. Aber auch \u00dcbungen zur tats\u00e4chlichen Abwehr potentieller Angreifer kamen nicht zu kurz.\u00a0<\/span><\/p>\n<p><span style=\"font-family: Comic Sans MS;\">Vorausgegangen war ein \u00e4hnlicher Kurs f\u00fcr Frauen, der auf gro\u00dfe Begeisterung stie\u00df. Dabei stellten wir fest, dass auch f\u00fcr M\u00e4dchen und f\u00fcr Jungen so etwas dringend n\u00f6tig ist. Die hohe Beteiligung an insgesamt 5 Veranstaltungen gab uns recht.<\/span><\/p>\n<div align=\"center\">\n<table border=\"0\" width=\"600\">\n<tbody>\n<tr>\n<td width=\"350\"><span style=\"font-family: Comic Sans MS;\"><img loading=\"lazy\" decoding=\"async\" class=\" wp-image-379 alignright\" src=\"https:\/\/kulturkreis-wattenbek.de\/wp-content\/uploads\/2016\/04\/osterbasar01-209x300.jpg\" alt=\"\" width=\"246\" height=\"353\" srcset=\"https:\/\/kulturkreis-wattenbek.de\/wp-content\/uploads\/2016\/04\/osterbasar01-209x300.jpg 209w, https:\/\/kulturkreis-wattenbek.de\/wp-content\/uploads\/2016\/04\/osterbasar01-230x330.jpg 230w, https:\/\/kulturkreis-wattenbek.de\/wp-content\/uploads\/2016\/04\/osterbasar01-350x502.jpg 350w, https:\/\/kulturkreis-wattenbek.de\/wp-content\/uploads\/2016\/04\/osterbasar01.jpg 542w\" sizes=\"auto, (max-width: 246px) 100vw, 246px\" \/><\/span><\/td>\n<td><span style=\"font-family: Comic Sans MS;\">Im M\u00e4rz 2000 fand der Fr\u00fchlingsbasar zum ersten Mal im neuen Wattenbeker Jugendtreff statt. Zw\u00f6lf Aussteller boten ihre vielf\u00e4ltigen Produkte an, <\/span><span style=\"font-family: Comic Sans MS;\">z.B.: Blumengestecke mit Kr\u00e4utern, Ostereier in vielf\u00e4ltiger Gestaltungsart, Marmeladen, Patch-Work- Arbeiten, Seident\u00fccher und -schals, Puppenkleidung, Window-Colour, Fensterbilder, Teddyb\u00e4ren, Gl\u00fcckwunschkarten zu verschiedenen Anl\u00e4ssen.<\/span><\/p>\n<p><span style=\"font-family: Comic Sans MS;\">Die Besucherresonanz war zwar geringer als gewohnt, aber f\u00fcr den Basar 2001 erwarten und w\u00fcnschen wir uns dann wieder mehr Publikum.<\/span><\/td>\n<\/tr>\n<tr>\n<td width=\"300\"><span style=\"font-family: Comic Sans MS;\">Im November 2000 f\u00fchrte der Kulturkreis eine Bilderausstellung im Schalthaus durch, die bei Wattenbekern auf gute Resonanz traf.<\/span><span style=\"font-family: Comic Sans MS;\">Unter dem Motto:<br \/>\n<\/span><span style=\"font-family: Comic Sans MS;\">&#8222;MALER ZEIGEN IHR K\u00d6NNEN&#8220;<\/span><\/p>\n<p><span style=\"font-family: Comic Sans MS;\">stellten 9 K\u00fcnstler, \u00fcberwiegend aus dem Bordesholmer Raum, ihre Exponate aus.<\/span><\/p>\n<p><span style=\"font-family: Comic Sans MS;\">Nebenstehend ein Aquarell von<br \/>\n<\/span><span style=\"font-family: Comic Sans MS;\">Gisela Friedersen,<br \/>\n<\/span><span style=\"font-family: Comic Sans MS;\">Bordesholm<\/span><\/td>\n<td width=\"440\"><img loading=\"lazy\" decoding=\"async\" class=\"alignnone size-medium wp-image-380\" src=\"https:\/\/kulturkreis-wattenbek.de\/wp-content\/uploads\/2016\/04\/bilderausstellung01-300x126.jpg\" alt=\"\" width=\"300\" height=\"126\" srcset=\"https:\/\/kulturkreis-wattenbek.de\/wp-content\/uploads\/2016\/04\/bilderausstellung01-300x126.jpg 300w, https:\/\/kulturkreis-wattenbek.de\/wp-content\/uploads\/2016\/04\/bilderausstellung01-230x97.jpg 230w, https:\/\/kulturkreis-wattenbek.de\/wp-content\/uploads\/2016\/04\/bilderausstellung01-350x147.jpg 350w, https:\/\/kulturkreis-wattenbek.de\/wp-content\/uploads\/2016\/04\/bilderausstellung01.jpg 760w\" sizes=\"auto, (max-width: 300px) 100vw, 300px\" \/><\/p>\n<p><span style=\"font-family: Comic Sans MS;\"><img loading=\"lazy\" decoding=\"async\" class=\"alignnone size-medium wp-image-381\" src=\"https:\/\/kulturkreis-wattenbek.de\/wp-content\/uploads\/2016\/04\/bilderausstellung02-300x200.jpg\" alt=\"\" width=\"300\" height=\"200\" srcset=\"https:\/\/kulturkreis-wattenbek.de\/wp-content\/uploads\/2016\/04\/bilderausstellung02-300x200.jpg 300w, https:\/\/kulturkreis-wattenbek.de\/wp-content\/uploads\/2016\/04\/bilderausstellung02-230x153.jpg 230w, https:\/\/kulturkreis-wattenbek.de\/wp-content\/uploads\/2016\/04\/bilderausstellung02-350x233.jpg 350w, https:\/\/kulturkreis-wattenbek.de\/wp-content\/uploads\/2016\/04\/bilderausstellung02-272x182.jpg 272w, https:\/\/kulturkreis-wattenbek.de\/wp-content\/uploads\/2016\/04\/bilderausstellung02.jpg 672w\" sizes=\"auto, (max-width: 300px) 100vw, 300px\" \/><\/span><\/td>\n<\/tr>\n<\/tbody>\n<\/table>\n<\/div>\n","protected":false},"excerpt":{"rendered":"<p>Anregungen aus durchgef\u00fchrten Aktivit\u00e4ten Im folgenden drei Beispiele f\u00fcr Aktivit\u00e4ten, die sehr erfolgreich verlaufen sind und zum Nachahmen bzw. zum Wiederholen einladen: Im\u00a0April 1999 wurde ein Selbstbehauptungskurs f\u00fcr M\u00e4dchen durchgef\u00fchrt. Unter dem Motto &#8222;Verpiss dich!&#8220; wurde das selbstbewusste Auftreten in brenzligen Situationen trainiert. Aber auch \u00dcbungen zur tats\u00e4chlichen Abwehr potentieller Angreifer kamen nicht zu kurz.\u00a0 [&hellip;]<\/p>\n","protected":false},"author":1,"featured_media":0,"parent":127,"menu_order":0,"comment_status":"closed","ping_status":"closed","template":"page-templates\/page_front-page.php","meta":{"footnotes":""},"class_list":["post-164","page","type-page","status-publish","hentry"],"_links":{"self":[{"href":"https:\/\/kulturkreis-wattenbek.de\/index.php?rest_route=\/wp\/v2\/pages\/164","targetHints":{"allow":["GET"]}}],"collection":[{"href":"https:\/\/kulturkreis-wattenbek.de\/index.php?rest_route=\/wp\/v2\/pages"}],"about":[{"href":"https:\/\/kulturkreis-wattenbek.de\/index.php?rest_route=\/wp\/v2\/types\/page"}],"author":[{"embeddable":true,"href":"https:\/\/kulturkreis-wattenbek.de\/index.php?rest_route=\/wp\/v2\/users\/1"}],"replies":[{"embeddable":true,"href":"https:\/\/kulturkreis-wattenbek.de\/index.php?rest_route=%2Fwp%2Fv2%2Fcomments&post=164"}],"version-history":[{"count":32,"href":"https:\/\/kulturkreis-wattenbek.de\/index.php?rest_route=\/wp\/v2\/pages\/164\/revisions"}],"predecessor-version":[{"id":2687,"href":"https:\/\/kulturkreis-wattenbek.de\/index.php?rest_route=\/wp\/v2\/pages\/164\/revisions\/2687"}],"up":[{"embeddable":true,"href":"https:\/\/kulturkreis-wattenbek.de\/index.php?rest_route=\/wp\/v2\/pages\/127"}],"wp:attachment":[{"href":"https:\/\/kulturkreis-wattenbek.de\/index.php?rest_route=%2Fwp%2Fv2%2Fmedia&parent=164"}],"curies":[{"name":"wp","href":"https:\/\/api.w.org\/{rel}","templated":true}]}}