{"id":144,"date":"2016-04-17T21:23:05","date_gmt":"2016-04-17T19:23:05","guid":{"rendered":"http:\/\/test.koljastrohm-games.com\/?page_id=144"},"modified":"2022-10-16T15:19:07","modified_gmt":"2022-10-16T13:19:07","slug":"kochbuch","status":"publish","type":"page","link":"https:\/\/kulturkreis-wattenbek.de\/?page_id=144","title":{"rendered":"Kochbuch"},"content":{"rendered":"<h1 style=\"margin-top: 2; margin-bottom: 2;\" align=\"center\">Wattenbeker<span style=\"color: #cc0000;\"> Schlemmereien<\/span><\/h1>\n<div align=\"center\">\n<table style=\"width: 604px; height: 178px;\" width=\"600\" border=\"0\">\n<tbody>\n<tr style=\"height: 178px;\">\n<td style=\"width: 183.433px; height: 178px;\">\n<p align=\"center\"><b><span style=\"font-size: small;\"><img loading=\"lazy\" decoding=\"async\" class=\"aligncenter\" src=\"https:\/\/kulturkreis-wattenbek.de\/wp-content\/uploads\/2016\/04\/kochbuchtitel-1.jpg\" alt=\"\" width=\"113\" hspace=\"12\" height=\"163\" align=\"middle\"><\/span> <\/b><\/p>\n<p align=\"center\"><span style=\"font-size: 12px;\"><b>Band 1: <\/b><\/span><span style=\"font-size: 12px;\"><b>oder&#8230;R\u00fchreier sind nicht alles&nbsp;<\/b><\/span><\/p>\n<\/td>\n<td style=\"width: 184.05px; height: 178px;\">\n<p align=\"center\"><b><span style=\"font-size: small;\"><img loading=\"lazy\" decoding=\"async\" class=\"aligncenter\" src=\"https:\/\/kulturkreis-wattenbek.de\/wp-content\/uploads\/2016\/04\/titel2_90-1.jpg\" alt=\"\" width=\"115\" height=\"163\" border=\"0\"><\/span> <\/b><\/p>\n<p align=\"center\"><b><span style=\"font-size: 12px;\">Band 2:&nbsp; An die T\u00f6pfe&#8230; fertig?&#8230; los!<\/span>&nbsp;<\/b><\/p>\n<\/td>\n<td style=\"width: 216.117px; height: 178px;\"><img loading=\"lazy\" decoding=\"async\" class=\"aligncenter wp-image-1305 size-medium\" src=\"https:\/\/kulturkreis-wattenbek.de\/wp-content\/uploads\/2019\/02\/Kuchen-und-Torten-203x300.jpg\" alt=\"\" width=\"110\" height=\"163\">&nbsp;<\/p>\n<p align=\"center\"><b><span style=\"font-size: small;\"><span style=\"font-size: 12px;\">Band 3: &#8230;.und zur Feier: Kuchen und Torten satt!<\/span>&nbsp;<\/span><\/b><\/p>\n<\/td>\n<\/tr>\n<\/tbody>\n<\/table>\n<\/div>\n<div align=\"center\">\n<table style=\"height: 512px; width: 655px;\" width=\"600\" border=\"0\">\n<tbody>\n<tr style=\"height: 512px;\">\n<td style=\"height: 512px; width: 645.8px;\">\n<p align=\"LEFT\"><span style=\"color: #cd0000;\"><span style=\"font-family: Comic Sans MS ;\"><span style=\"font-size: xx-large;\"><b>Eine 23-j\u00e4hrige Erfolgsgeschichte<br \/>\ngeht <\/b><\/span><\/span><\/span><span style=\"color: #cd0000;\"><span style=\"font-family: Comic Sans MS;\"><span style=\"font-size: xx-large;\"><b>zu Ende.<\/b><\/span><\/span><\/span><\/p>\n<p align=\"LEFT\"><span style=\"color: #000000;\"><span style=\"font-family: Comic Sans MS;\"><span style=\"font-size: large;\"><b>Der Verkauf der Wattenbeker Kochb\u00fccher wurde eingestellt.<\/b><\/span><\/span><\/span><\/p>\n<p align=\"LEFT\"><span style=\"color: #000000;\"><span style=\"font-family: ComicSansMS;\"><span style=\"font-size: medium;\">Wirklich keine der Kochbuchfrauen im Kulturkreis <\/span><\/span><\/span><span style=\"color: #000000;\"><span style=\"font-family: ComicSansMS;\"><span style=\"font-size: medium;\">Wattenbek h\u00e4tte sich jemals vorstellen k\u00f6nnen, dass die z<\/span><\/span><\/span><span style=\"color: #000000;\"><span style=\"font-family: ComicSansMS;\"><span style=\"font-size: medium;\">wei Kochb\u00fccher und das Backbuch sich \u00fcber so eine <\/span><\/span><\/span><span style=\"color: #000000;\"><span style=\"font-family: ComicSansMS;\"><span style=\"font-size: medium;\">lange Zeit immer weiter verbreiten.<\/span><\/span><\/span><\/p>\n<p align=\"LEFT\"><span style=\"color: #000000;\"><span style=\"font-family: ComicSansMS;\"><span style=\"font-size: medium;\">Aber der Verkauf stagnierte in den vergangenen zwei <\/span><\/span><\/span><span style=\"color: #000000;\"><span style=\"font-family: ComicSansMS;\"><span style=\"font-size: medium;\">Jahren doch sehr und so beschlossen die Frauen, keine <\/span><\/span><\/span><span style=\"color: #000000;\"><span style=\"font-family: ComicSansMS;\"><span style=\"font-size: medium;\">weitere Auflage der B\u00fccher vorzunehmen. Das letzte <\/span><\/span><\/span><span style=\"color: #000000;\"><span style=\"font-family: ComicSansMS;\"><span style=\"font-size: medium;\">Buch ging Ende 2021 \u00fcber den Tresen der Avia-<\/span><\/span><\/span><span style=\"color: #000000;\"><span style=\"font-family: ComicSansMS;\"><span style=\"font-size: medium;\">Tankstelle in Wattenbek.<br \/>\n<\/span><\/span><\/span><span style=\"color: #000000;\"><span style=\"font-family: ComicSansMS-Bold, sans-serif;\"><span style=\"font-size: medium;\"><span style=\"color: #ff0000;\"><b>13.000 <\/b><\/span><span style=\"font-family: ComicSansMS;\">Exemplare wurden nach Nah und Fern verkauft <\/span><\/span><\/span><\/span><span style=\"color: #000000;\"><span style=\"font-family: ComicSansMS-Bold, sans-serif;\"><span style=\"font-size: medium;\"><span style=\"font-family: ComicSansMS;\">und \u00fcber <\/span><span style=\"color: #0070c1;\"><b>10.000 <\/b><\/span><span style=\"font-family: ComicSansMS;\">\u20ac konnten f\u00fcr soziale Projekte <\/span><\/span><\/span><\/span><span style=\"color: #000000;\"><span style=\"font-family: ComicSansMS;\"><span style=\"font-size: medium;\">gespendet werden.<\/span><\/span><\/span><\/p>\n<p align=\"LEFT\"><span style=\"color: #000000;\"><span style=\"font-family: Comic Sans MS;\"><span style=\"font-size: medium;\"><span style=\"color: #cd0000;\"><b>Wir konnten spenden an<\/b><\/span><span style=\"color: #810000;\"><b>:<br \/>\n<\/b><\/span><\/span><\/span><\/span><span style=\"color: #000000;\"><span style=\"font-family: ComicSansMS;\"><span style=\"font-size: medium;\">den BUND Bordesholm, die Deutsche <\/span><\/span><\/span><span style=\"color: #000000;\"><span style=\"font-family: ComicSansMS;\"><span style=\"font-size: medium;\">Knochenmarkspendendatei DKMS;<br \/>\ndie DKMS f\u00fcr Heike <\/span><\/span><\/span><span style=\"color: #000000;\"><span style=\"font-family: ComicSansMS;\"><span style=\"font-size: medium;\">Hansen;<br \/>\nFlutopfer (Deutschland);<br \/>\nan die Preetzer Tafel;<br \/>\n<\/span><\/span><\/span><span style=\"color: #000000;\"><span style=\"font-family: ComicSansMS;\"><span style=\"font-size: medium;\">das Stra\u00dfenmagazin \u201eHempels\u201c;<br \/>\nden Kieler <\/span><\/span><\/span><span style=\"color: #000000;\"><span style=\"font-family: ComicSansMS;\"><span style=\"font-size: medium;\">Hospizf\u00f6rderverein;<br \/>\ndas Ronald Mc Donald Haus, die <\/span><\/span><\/span><span style=\"color: #000000;\"><span style=\"font-family: ComicSansMS;\"><span style=\"font-size: medium;\">Kinderherzhilfe in Kiel;<br \/>\ndas Frauenhaus Neum\u00fcnster;<br \/>\ndas <\/span><\/span><\/span><span style=\"color: #000000;\">\u201e<span style=\"font-family: ComicSansMS;\"><span style=\"font-size: medium;\">Sprungtuch\u201c in Bordesholm;<br \/>\nneue Laufbahn der <\/span><\/span><\/span><span style=\"color: #000000;\"><span style=\"font-family: ComicSansMS;\"><span style=\"font-size: medium;\">Wattenbeker Grundschule;<br \/>\ndas Zeltlager am Brahmsee;<br \/>\n<\/span><\/span><\/span><span style=\"color: #000000;\"><span style=\"font-family: ComicSansMS;\"><span style=\"font-size: medium;\">f\u00fcr den Weidelandschaftsverband \/Konic-Pferde;<br \/>\n<\/span><\/span><\/span><span style=\"color: #000000;\"><span style=\"font-family: ComicSansMS;\"><span style=\"font-size: medium;\">den Tierpark Warder; f\u00fcr das Zirkussommerprojekt in <\/span><\/span><\/span><span style=\"color: #000000;\"><span style=\"font-family: ComicSansMS;\"><span style=\"font-size: medium;\">Bordesholm;<br \/>\nf\u00fcr ein Senioren-Internet-Caf\u00e9 im Lisa-<\/span><\/span><\/span><span style=\"color: #000000;\"><span style=\"font-family: ComicSansMS;\"><span style=\"font-size: medium;\">Hansen-Haus, Kiel;<br \/>\nUnicef f\u00fcr Kinder im Irak;<br \/>\nden <\/span><\/span><\/span><span style=\"color: #000000;\"><span style=\"font-family: ComicSansMS;\"><span style=\"font-size: medium;\">Tierschutzverein Neum\u00fcnster;<br \/>\nBeratungsstelle f\u00fcr <\/span><\/span><\/span><span style=\"color: #000000;\"><span style=\"font-family: ComicSansMS;\"><span style=\"font-size: medium;\">Wohnungslose, Neum\u00fcnster;<br \/>\nNotruf f\u00fcr vergewaltigte <\/span><\/span><\/span><span style=\"color: #000000;\"><span style=\"font-family: ComicSansMS;\"><span style=\"font-size: medium;\">Frauen, Neum\u00fcnster;<br \/>\nukrainische Kinderkrebshilfe und <\/span><\/span><\/span><span style=\"color: #000000;\"><span style=\"font-family: ComicSansMS;\"><span style=\"font-size: medium;\">Patenschaft f\u00fcr ein leuk\u00e4miekrankes M\u00e4dchen aus <\/span><\/span><\/span><span style=\"color: #000000;\"><span style=\"font-family: ComicSansMS;\"><span style=\"font-size: medium;\">Tschernobyl sowie Kosten f\u00fcr medizinische <\/span><\/span><\/span><span style=\"color: #000000;\"><span style=\"font-family: ComicSansMS;\"><span style=\"font-size: medium;\">Spezialbehandlungen;<br \/>\nf\u00fcr Erdbebenopfer im Iran;<br \/>\nf\u00fcr <\/span><\/span><\/span><span style=\"color: #000000;\"><span style=\"font-family: ComicSansMS;\"><span style=\"font-size: medium;\">den Tafelladen Neum\u00fcnster;<br \/>\nf\u00fcr die B\u00fccherei an der <\/span><\/span><\/span><span style=\"color: #000000;\"><span style=\"font-family: ComicSansMS;\"><span style=\"font-size: medium;\">IGS-Neum\u00fcnster;<br \/>\nf\u00fcr Familien in Not im Amt <\/span><\/span><\/span><span style=\"color: #000000;\"><span style=\"font-family: ComicSansMS;\"><span style=\"font-size: medium;\">Bordesholm;<br \/>\nHilfen f\u00fcr V\u00f6lker in Not;<br \/>\nSeebeben <\/span><\/span><\/span><span style=\"color: #000000;\"><span style=\"font-family: ComicSansMS;\"><span style=\"font-size: medium;\">S\u00fcdasien;<br \/>\nAids-Hilfe Kiel; \u201eVon K\u00fcste zu K\u00fcste\u201c<\/span><\/span><\/span><span style=\"color: #000000;\"><span style=\"font-family: ComicSansMS;\"><span style=\"font-size: medium;\">(Nicaragua);<br \/>\nChristuskirche Bordesholm;<br \/>\n<\/span><\/span><\/span><span style=\"color: #000000;\"><span style=\"font-family: ComicSansMS;\"><span style=\"font-size: medium;\">Jugendhilfeverein Bordesholm &#8211; Kinder in Not;<br \/>\n<\/span><\/span><\/span><span style=\"color: #000000;\"><span style=\"font-family: ComicSansMS;\"><span style=\"font-size: medium;\">Frauensuchtberatung Kiel; Flutopfer in Peru (Hongos \u2013<\/span><\/span><\/span><span style=\"color: #000000;\"><span style=\"font-family: ComicSansMS;\"><span style=\"font-size: medium;\">Yaugos);<br \/>\nErdbebenopfer Haiti;<br \/>\nKulturkreis Wattenbek;<br \/>\n<\/span><\/span><\/span><span style=\"color: #000000;\"><span style=\"font-family: ComicSansMS;\"><span style=\"font-size: medium;\">Odyssee e.V. Kiel; Bordesholmer Tafel;<br \/>\nBl\u00e4serklasse <\/span><\/span><\/span><span style=\"color: #000000;\"><span style=\"font-family: ComicSansMS;\"><span style=\"font-size: medium;\">Gemeinschaftsschule Faldera;<br \/>\nHerzkissenaktion <\/span><\/span><\/span><span style=\"color: #000000;\"><span style=\"font-family: ComicSansMS;\"><span style=\"font-size: medium;\">Kreativgruppe \u201cWatt een Patch!\u201d;<br \/>\nRehabuggy f\u00fcr einen <\/span><\/span><\/span><span style=\"color: #000000;\"><span style=\"font-family: ComicSansMS;\"><span style=\"font-size: medium;\">kleinen Jungen aus Bordesholm;<br \/>\nSyrien-Nothilfe, Aktion <\/span><\/span><\/span><span style=\"color: #000000;\"><span style=\"font-family: ComicSansMS;\"><span style=\"font-size: medium;\">Katastrophenhilfe ZDF<\/span><\/span><\/span><\/p>\n<p align=\"LEFT\"><span style=\"color: #000000;\"><span style=\"font-family: Comic Sans MS;\"><span style=\"font-size: medium;\"><b>Liebe Mitglieder, Freunde und G\u00e4ste des <\/b><\/span><\/span><\/span><span style=\"color: #000000;\"><span style=\"font-family: Comic Sans MS;\"><span style=\"font-size: medium;\"><b>Kulturkreises, wir bedanken uns f\u00fcr dieses <\/b><\/span><\/span><\/span><span style=\"color: #000000;\"><span style=\"font-family: Comic Sans MS;\"><span style=\"font-size: medium;\"><b>au\u00dferordentliche Engagement!<\/b><\/span><\/span><\/span><\/p>\n<p align=\"LEFT\"><span style=\"color: #000000;\"><span style=\"font-family: Comic Sans MS;\"><span style=\"font-size: medium;\"><b>Kulturkreis Wattenbek<\/b><\/span><\/span><\/span><\/p>\n<p align=\"LEFT\"><span style=\"color: #000000;\"><span style=\"font-family: Comic Sans MS;\"><span style=\"font-size: medium;\">Wattenbek im Februar 2022<\/span><\/span><\/span><\/p>\n<p>&nbsp;<\/p>\n<p>&nbsp;<\/p>\n<p><span style=\"color: #cc0000;\"><span style=\"font-family: Comic Sans MS;\"><span style=\"font-size: x-large;\"><b>Was koch ich heute blo\u00df?<\/b><\/span><\/span><\/span><\/p>\n<p><span style=\"font-family: Comic Sans MS;\"><span style=\"font-size: large;\">Wer, der f\u00fcr das t\u00e4gliche Kochen zust\u00e4ndig ist, kennt diese Frage nicht? Abwechslungsreich und schmackhaft soll das Essen sein, das Gem\u00fcse frisch, saisonal und m\u00f6glichst regional angebaut, nicht zuviel Fleisch, daf\u00fcr lieber Fisch, immer viel frischen Salat \u2013 da k\u00f6nnen die Ideen schon mal versiegen.<\/span><\/span><\/p>\n<p><span style=\"font-family: Comic Sans MS;\"><span style=\"font-size: large;\">Irgendwie lag es also auf der Hand, ein Kochbuch von Wattenbekern f\u00fcr Wattenbeker zu erstellen, zumal der Kulturkreis Wattenbek gegr\u00fcndet wurde und wir etwas dazu beitragen wollten. Essen verbindet und \u00fcbers Kochen kommt man miteinander ins Gespr\u00e4ch.<\/span><\/span><\/p>\n<p><span style=\"font-family: Comic Sans MS;\"><span style=\"font-size: large;\">Das erste Buch kam im Sommer 1998 heraus. Bis heute sind \u00fcber 6000<br \/>\nExemplare verkauft worden &#8211; und die Nachfrage h\u00e4lt an&#8230;<\/span><\/span><\/p>\n<p><span style=\"font-family: Comic Sans MS;\"><span style=\"font-size: large;\">Dem vielfach ge\u00e4u\u00dferten Wunsch nach einem zweiten Buch widerstanden<br \/>\nwir &#8222;Kochbuchfrauen&#8220; drei Jahre. Dann wurden f\u00fcr diese Internetseiten (siehe <\/span><\/span><span style=\"color: #000080;\"><span lang=\"zxx\"><u><a href=\"http:\/\/wattenbek.de\/kulturkreis\/arbeitskreise\/kochbuch\/neue_rezepte\/neue_rezepte_frame.htm\" target=\"_blank\" rel=\"noopener noreferrer\"><span style=\"color: #0000ff;\"><span style=\"font-family: Comic Sans MS;\"><span style=\"font-size: large;\">Rezepte<\/span><\/span><\/span><\/a><\/u><\/span><\/span><span style=\"font-family: Comic Sans MS;\"><span style=\"font-size: large;\"> , alte Hompage) soviel Rezepte abgegeben, dass wir &#8222;weich&#8220; wurden. Das zweite Buch kam am 3.02.2002 heraus und hatte bereits nach<br \/>\n3 Wochen eine 3. Auflage , bis heute sind \u00fcber 5000 Exemplare verkauft worden.<\/span><\/span><\/p>\n<p><span style=\"font-family: Comic Sans MS;\"><span style=\"font-size: large;\">Keine der beteiligten \u201eKochbuchfrauen\u201c des Wattenbeker Kulturkreises<br \/>\nh\u00e4tte das jemals f\u00fcr m\u00f6glich gehalten!<\/span><\/span><\/p>\n<p><span style=\"font-family: Comic Sans MS;\"><span style=\"font-size: large;\">Bereits nach 10 Jahren fanden \u00fcber 8300 Exemplare ihren Weg sprich-w\u00f6rtlich weltweit in die Haushalte. <\/span><\/span><\/p>\n<p><span style=\"font-family: Comic Sans MS;\"><span style=\"font-size: large;\">Das wurde am <\/span><\/span><span style=\"color: #0000ff;\"><span style=\"font-family: Comic Sans MS;\"><span style=\"font-size: large;\"><b>8. Juni 2008<\/b><\/span><\/span><\/span><span style=\"font-family: Comic Sans MS;\"><span style=\"font-size: large;\"> mit einer gro\u00dfen <\/span><\/span><\/p>\n<p><span style=\"color: #0000ff;\">\u201e<\/span><span style=\"color: #0000ff;\"><span style=\"font-family: Comic Sans MS;\"><span style=\"font-size: large;\"><b>Torten- und Kuchenolympiade\u201c<\/b><\/span><\/span><\/span><span style=\"font-family: Comic Sans MS;\"><span style=\"font-size: large;\">im <\/span><\/span><span style=\"color: #0000ff;\"><span style=\"font-family: Comic Sans MS;\"><span style=\"font-size: large;\"><b>Wattenbeker Schalthaus <\/b><\/span><\/span><\/span><span style=\"color: #000000;\"><span style=\"font-family: Comic Sans MS;\"><span style=\"font-size: large;\">gefeiert<\/span><\/span><\/span><span style=\"font-family: Comic Sans MS;\"><span style=\"font-size: large;\"> !<\/span><\/span><\/p>\n<p><span style=\"font-family: Comic Sans MS;\"><span style=\"font-size: large;\">Die <\/span><\/span><span style=\"color: #008000;\"><span style=\"font-family: Comic Sans MS;\"><span style=\"font-size: large;\">\u201e<\/span><\/span><\/span><span style=\"color: #008000;\"><span style=\"font-family: Comic Sans MS;\"><span style=\"font-size: large;\"><b>Kochbuchkombo\u201c<\/b><\/span><\/span><\/span><span style=\"font-family: Comic Sans MS;\"><span style=\"font-size: large;\">, die schon bei der Ver\u00f6ffentlichung des ersten<br \/>\nBandes den musikalischen Rahmen gab, sorgte auch dieses Mal wieder f\u00fcr eine gem\u00fctliche Atmosph\u00e4re mit Kaffeehausmusik und das<br \/>\n<\/span><\/span><span style=\"color: #008000;\"><span style=\"font-family: Comic Sans MS;\"><span style=\"font-size: large;\">\u201e<\/span><\/span><\/span><span style=\"color: #008000;\"><span style=\"font-family: Comic Sans MS;\"><span style=\"font-size: large;\"><b>Literarische Quartett\u201c<\/b><\/span><\/span><\/span><span style=\"font-family: Comic Sans MS;\"><span style=\"font-size: large;\"> machte sich so seine Gedanken \u00fcber das Kochbuch.<\/span><\/span><\/p>\n<p><span style=\"font-family: Comic Sans MS;\"><span style=\"font-size: large;\">Nat\u00fcrlich wurden die Kuchen- und Tortenrezepte f\u00fcr ein weiteren Band<br \/>\nder Wattenbeker Schlemmereien zusammengestellt. Der 3. Band erschien<br \/>\nunter dem Titel \u201e&#8230;.und zur Feier: Kuchen und Torten satt!\u201c.<\/span><\/span><\/td>\n<\/tr>\n<\/tbody>\n<\/table>\n<\/div>\n<div align=\"center\">\n<table style=\"height: 122px;\" width=\"656\" border=\"0\">\n<tbody>\n<tr>\n<td>&nbsp;<\/td>\n<\/tr>\n<\/tbody>\n<\/table>\n<\/div>\n","protected":false},"excerpt":{"rendered":"<p>Wattenbeker Schlemmereien Band 1: oder&#8230;R\u00fchreier sind nicht alles&nbsp; Band 2:&nbsp; An die T\u00f6pfe&#8230; fertig?&#8230; los!&nbsp; &nbsp; Band 3: &#8230;.und zur Feier: Kuchen und Torten satt!&nbsp; Eine 23-j\u00e4hrige Erfolgsgeschichte geht zu Ende. Der Verkauf der Wattenbeker Kochb\u00fccher wurde eingestellt. Wirklich keine der Kochbuchfrauen im Kulturkreis Wattenbek h\u00e4tte sich jemals vorstellen k\u00f6nnen, dass die zwei Kochb\u00fccher und [&hellip;]<\/p>\n","protected":false},"author":1,"featured_media":0,"parent":125,"menu_order":0,"comment_status":"closed","ping_status":"closed","template":"page-templates\/page_front-page.php","meta":{"footnotes":""},"class_list":["post-144","page","type-page","status-publish","hentry"],"_links":{"self":[{"href":"https:\/\/kulturkreis-wattenbek.de\/index.php?rest_route=\/wp\/v2\/pages\/144","targetHints":{"allow":["GET"]}}],"collection":[{"href":"https:\/\/kulturkreis-wattenbek.de\/index.php?rest_route=\/wp\/v2\/pages"}],"about":[{"href":"https:\/\/kulturkreis-wattenbek.de\/index.php?rest_route=\/wp\/v2\/types\/page"}],"author":[{"embeddable":true,"href":"https:\/\/kulturkreis-wattenbek.de\/index.php?rest_route=\/wp\/v2\/users\/1"}],"replies":[{"embeddable":true,"href":"https:\/\/kulturkreis-wattenbek.de\/index.php?rest_route=%2Fwp%2Fv2%2Fcomments&post=144"}],"version-history":[{"count":66,"href":"https:\/\/kulturkreis-wattenbek.de\/index.php?rest_route=\/wp\/v2\/pages\/144\/revisions"}],"predecessor-version":[{"id":69518,"href":"https:\/\/kulturkreis-wattenbek.de\/index.php?rest_route=\/wp\/v2\/pages\/144\/revisions\/69518"}],"up":[{"embeddable":true,"href":"https:\/\/kulturkreis-wattenbek.de\/index.php?rest_route=\/wp\/v2\/pages\/125"}],"wp:attachment":[{"href":"https:\/\/kulturkreis-wattenbek.de\/index.php?rest_route=%2Fwp%2Fv2%2Fmedia&parent=144"}],"curies":[{"name":"wp","href":"https:\/\/api.w.org\/{rel}","templated":true}]}}