{"id":141,"date":"2016-04-17T21:21:29","date_gmt":"2016-04-17T19:21:29","guid":{"rendered":"http:\/\/test.koljastrohm-games.com\/?page_id=141"},"modified":"2019-03-24T18:57:00","modified_gmt":"2019-03-24T17:57:00","slug":"musiktheater","status":"publish","type":"page","link":"https:\/\/kulturkreis-wattenbek.de\/?page_id=141","title":{"rendered":"Musiktheater"},"content":{"rendered":"<h1 align=\"center\"><span style=\"font-family: Comic Sans MS; font-size: xx-large;\">Musiktheater oder was?<\/span><\/h1>\n<p style=\"text-align: center;\"><span style=\"font-family: comic sans ms, sans-serif; font-size: 20px; color: #0000ff;\">Das Musiktheater hat seine Aktivit\u00e4ten aus Zeitmangel eingestellt, die folgenden Informationen dienen zur Orientierung, was im Kulturkreis m\u00f6glich gemacht werden kann.<\/span><\/p>\n<div align=\"center\">\n<div align=\"center\">\n<table class=\"table-standard\" width=\"600\" bgcolor=\"#CCFFCC\">\n<tbody>\n<tr>\n<td colspan=\"2\">\n<p align=\"center\"><span style=\"font-family: Comic Sans MS;\"><span style=\"font-size: 16px;\">\u00a0<b>2013 im Programm:<\/b> <b> <a href=\"http:\/\/wattenbek.de\/kulturkreis\/veranstaltungen\/aktuell\/texte\/2013\/scheinzeit_reloaded\/scheinzeit_reloaded.htm\">Scheinzeit reloaded<\/a><\/b><\/span><\/span><\/p>\n<p align=\"center\">\n<\/td>\n<\/tr>\n<tr>\n<td>\n<p align=\"center\"><span style=\"font-family: Comic Sans MS;\">rockt das Wattenbeker Schalthaus im September 2011 erneut mit dem neuen St\u00fcck:<\/span><\/p>\n<\/td>\n<td width=\"62%\">\n<p align=\"center\"><span style=\"font-size: 16px;\"><b> <span style=\"font-family: Comic Sans MS;\"> <a href=\"http:\/\/wattenbek.de\/kulturkreis\/arbeitskreise\/theater\/k_ein_heimatstueck\/k_ein_heimatstueck_ankuendigung_1109.htm\">&#8222;(K)ein Heimatst\u00fcck&#8220;<\/a><\/span><\/b><\/span><\/p>\n<p align=\"center\"><span style=\"font-size: 16px;\"><b><span style=\"font-family: Comic Sans MS;\"> <a href=\"http:\/\/wattenbek.de\/kulturkreis\/arbeitskreise\/theater\/k_ein_heimatstueck\/k_ein_heimatstueck_premiere_frame.htm\" target=\"_parent\"> hier: Premierenimpressionen<\/a><\/span><\/b><\/span><\/p>\n<\/td>\n<\/tr>\n<\/tbody>\n<\/table>\n<\/div>\n<\/div>\n<div align=\"center\">\n<table border=\"0\" width=\"600\">\n<tbody>\n<tr>\n<td><span style=\"font-family: Comic Sans MS;\">Hinter diesem etwas ungew\u00f6hnlichen Namen verbergen sich 12 Wattenbeker (genauer gesagt 11 Wattenbeker und ein ehemaliger), die sich vor einigen Jahren zusammenfanden, um die B\u00fchne zu erobern. Was zun\u00e4chst als lockere Zusammenkunft in eher privatem Rahmen gedacht war, entwickelte sich nach und nach zu dem Anspruch, denn auch tats\u00e4chlich ein gr\u00f6\u00dferes Publikum zu erfreuen.<\/span><\/p>\n<p><span style=\"font-family: Comic Sans MS;\">\u00dcber das Wie und das Was wurde lange gestritten und verhandelt und am Ende stand die Idee, Theater und Musik in einer eigenen Revue zu verbinden. Da drei Musiker in unseren Reihen stehen, lag dies nahe. Wir anderen mussten erst mit viel Nachdruck und \u00dcberredungskunst davon \u00fcberzeugt werden, dass Gesang, Musik und Tanz durchaus auch von uns verlangt wurden. Und es ging besser als bef\u00fcrchtet!<\/span><\/p>\n<p><span style=\"font-size: medium;\"><span style=\"font-family: Comic Sans MS;\">Nun brauchten wir eine Idee f\u00fcr unsere kleine Produktion. Plattdeutsche Sketche und Dielentheater, das k\u00f6nnen andere besser. Ein komplettes Musiktheaterst\u00fcck? Man muss ja schlie\u00dflich sp\u00e4ter auch noch Ziele haben!<\/span><\/span><\/td>\n<\/tr>\n<tr>\n<td>\n<p align=\"center\"><img loading=\"lazy\" decoding=\"async\" src=\"https:\/\/kulturkreis-wattenbek.de\/wp-content\/uploads\/2016\/04\/theater_herzen02-1-1.jpg\" width=\"588\" height=\"210\" border=\"0\" \/><\/p>\n<\/td>\n<\/tr>\n<tr>\n<td><span style=\"font-family: Comic Sans MS; font-size: medium;\">Irgendwann tauchte der Gedanke auf, zu dem Thema zu spielen, das so alt ist wie die Menschheit- die Liebe und was daraus werden kann.<\/span> <span style=\"font-size: medium;\"> <span style=\"font-family: Comic Sans MS; font-size: medium;\">Nach vielfachem Feilen an Text und Musik, beides zum Teil selbst geschrieben, zum Teil \u00fcbernommen,<\/span><\/span><\/td>\n<\/tr>\n<\/tbody>\n<\/table>\n<\/div>\n<div align=\"center\">\n<table border=\"0\" width=\"600\">\n<tbody>\n<tr>\n<td><span style=\"font-family: Comic Sans MS; font-size: medium;\">\u00a0waren wir Anfang 1998 endlich soweit und konnten unser St\u00fcck &#8222;Reizende Herzen&#8220; auf die B\u00fchne bringen. Die Bilder stammen aus dieser Auff\u00fchrung. Vier Abende konnten wir das Wattenbeker Schalthaus f\u00fcllen und das gab uns Mut f\u00fcr weitere Ideen.<\/span><\/td>\n<td><img loading=\"lazy\" decoding=\"async\" src=\"https:\/\/kulturkreis-wattenbek.de\/wp-content\/uploads\/2016\/04\/theater_herzen01-1.jpg\" width=\"406\" height=\"241\" align=\"right\" border=\"0\" \/><\/td>\n<\/tr>\n<\/tbody>\n<\/table>\n<\/div>\n<div align=\"center\">\n<table border=\"0\" width=\"600\">\n<tbody>\n<tr>\n<td colspan=\"2\"><span style=\"font-family: Comic Sans MS; font-size: medium;\">So entstand dann im Jahr 1999 eine weitere Produktion, die Revue &#8222;Zapping&#8220;:<\/span><\/td>\n<\/tr>\n<tr>\n<td colspan=\"2\">\n<p align=\"center\"><img loading=\"lazy\" decoding=\"async\" src=\"https:\/\/kulturkreis-wattenbek.de\/wp-content\/uploads\/2016\/04\/zapping02-1-1.jpg\" width=\"521\" height=\"282\" border=\"0\" \/><\/p>\n<\/td>\n<\/tr>\n<tr>\n<td><img loading=\"lazy\" decoding=\"async\" src=\"https:\/\/kulturkreis-wattenbek.de\/wp-content\/uploads\/2016\/04\/zapping01-1.jpg\" width=\"436\" height=\"250\" border=\"0\" \/><\/td>\n<td width=\"400\"><span style=\"font-family: Comic Sans MS; font-size: medium;\">\u00a0Die Premiere fand am Schlusstag des Wattenbeker Dorffestes statt. Ebenfalls mit Musik, Gesang, Sketchen, Szenen und Moderation wurde auf zwei B\u00fchnen das Thema Fernsehen beleuchtet.\u00a0<\/span><\/td>\n<\/tr>\n<\/tbody>\n<\/table>\n<\/div>\n<div align=\"center\">\n<table border=\"0\" width=\"600\">\n<tbody>\n<tr>\n<td><span style=\"font-family: Comic Sans MS; font-size: medium;\"> Wieder waren wir viermal ausverkauft.<\/span><\/p>\n<p><span style=\"font-family: Comic Sans MS; font-size: medium;\">Nun wurde der Mut gr\u00f6\u00dfer und wir wagten uns erstmals an ein zusammenh\u00e4ngendes, ganzes St\u00fcck.<\/span><\/p>\n<p><span style=\"font-size: medium;\"><span style=\"font-family: Comic Sans MS;\">Da fertige Vorlagen f\u00fcr eine Auff\u00fchrung mit 12 Hauptpersonen nicht zu finden sind, hie\u00df dies: Alles selber schreiben. Damit sind wir zur Zeit noch besch\u00e4ftigt: Aber keine Angst: Wir kommen wieder&#8230;&#8230;.<\/span> <\/span><\/p>\n<p><span style=\"font-size: medium;\"><span style=\"font-family: Comic Sans MS;\">Im November 2001 im Wattenbeker Schalthaus (mit Stromausfall).<\/span><\/span><\/td>\n<\/tr>\n<\/tbody>\n<\/table>\n<\/div>\n<p align=\"center\"><span style=\"font-family: Comic Sans MS; font-size: 16px;\">Die R\u00fcckblicksseiten:<\/span><\/p>\n<p align=\"center\"><span style=\"font-family: Comic Sans MS; font-size: medium;\">hier: <span style=\"font-family: Comic Sans MS; font-size: medium;\"><a href=\"http:\/\/wattenbek.de\/kulturkreis\/arbeitskreise\/theater\/stromausfall\/stromausfall_premiere_01.htm\">Seiten zum St\u00fcck &#8222;Stromausfall&#8220;<\/a><\/span><\/span><\/p>\n<p align=\"center\"><span style=\"font-family: Comic Sans MS; font-size: medium;\">und hier:<\/span><span style=\"font-family: Comic Sans MS; font-size: medium;\"> <a href=\"http:\/\/wattenbek.de\/kulturkreis\/arbeitskreise\/theater\/stromausfall\/stromausfall_in_nieblum.htm\">zum Gastspiel &#8222;Stromausfall&#8220; in Nieblum\/F\u00f6hr<\/a><\/span><\/p>\n<p align=\"center\"><span style=\"font-family: Comic Sans MS; font-size: medium;\">und jetzt (2003):<\/span> <span style=\"font-family: Comic Sans MS; font-size: medium;\"><a href=\"http:\/\/wattenbek.de\/kulturkreis\/arbeitskreise\/theater\/scheinzeit\/scheinzeit_premiere_frame.htm\" target=\"_parent\">das neue St\u00fcck <img loading=\"lazy\" decoding=\"async\" src=\"https:\/\/kulturkreis-wattenbek.de\/wp-content\/uploads\/2016\/04\/scheinzeit-1.jpg\" width=\"112\" height=\"39\" border=\"0\" \/> <\/a><\/span><span style=\"font-family: Comic Sans MS; font-size: medium;\">auch das noch:<\/span><span style=\"font-family: Comic Sans MS; font-size: medium;\">\u00a0<a href=\"http:\/\/wattenbek.de\/kulturkreis\/arbeitskreise\/theater\/scheinzeit\/scheinzeit_bericht_041030.htm\"> wird verl\u00e4ngert!<\/a><\/span><\/p>\n<div align=\"center\">\n<table id=\"table1\" style=\"width: 600px;\" border=\"0\" bgcolor=\"#CCCCFF\">\n<tbody>\n<tr>\n<td style=\"width: 222.35px;\">\n<p align=\"center\"><span style=\"font-family: Comic Sans MS; font-size: 16px;\">pr\u00e4sentiert im November 2006 das neue St\u00fcck:<\/span><\/p>\n<\/td>\n<td style=\"width: 359.65px;\"><span style=\"font-size: 16px;\"><b> \u00a0\u00a0<\/b><\/span><b><span style=\"font-family: Comic Sans MS;\"><a href=\"http:\/\/wattenbek.de\/kulturkreis\/arbeitskreise\/theater\/fraenner_mauen\/fraenner_mauen_ankuendigung_frame.htm\" target=\"_parent\">Fr\u00e4nner<\/a><\/span><\/b><b><a href=\"http:\/\/wattenbek.de\/kulturkreis\/arbeitskreise\/theater\/fraenner_mauen\/fraenner_mauen_ankuendigung_frame.htm\" target=\"_parent\"> <span style=\"font-family: Comic Sans MS;\">und<\/span> <span style=\"font-family: Comic Sans MS;\">Mauen<\/span><\/a><\/b><span style=\"font-family: Comic Sans MS;\"> <a href=\"http:\/\/wattenbek.de\/kulturkreis\/arbeitskreise\/theater\/fraenner_mauen\/fraenner_mauen_premiere_frame.htm\" target=\"_parent\"> hier der Premierenbericht vom 10.11.<\/a><\/span><\/td>\n<\/tr>\n<\/tbody>\n<\/table>\n<\/div>\n<p align=\"center\">\n","protected":false},"excerpt":{"rendered":"<p>Musiktheater oder was? Das Musiktheater hat seine Aktivit\u00e4ten aus Zeitmangel eingestellt, die folgenden Informationen dienen zur Orientierung, was im Kulturkreis m\u00f6glich gemacht werden kann. \u00a02013 im Programm: Scheinzeit reloaded rockt das Wattenbeker Schalthaus im September 2011 erneut mit dem neuen St\u00fcck: &#8222;(K)ein Heimatst\u00fcck&#8220; hier: Premierenimpressionen Hinter diesem etwas ungew\u00f6hnlichen Namen verbergen sich 12 Wattenbeker (genauer [&hellip;]<\/p>\n","protected":false},"author":1,"featured_media":0,"parent":125,"menu_order":0,"comment_status":"closed","ping_status":"closed","template":"page-templates\/page_front-page.php","meta":{"footnotes":""},"class_list":["post-141","page","type-page","status-publish","hentry"],"_links":{"self":[{"href":"https:\/\/kulturkreis-wattenbek.de\/index.php?rest_route=\/wp\/v2\/pages\/141","targetHints":{"allow":["GET"]}}],"collection":[{"href":"https:\/\/kulturkreis-wattenbek.de\/index.php?rest_route=\/wp\/v2\/pages"}],"about":[{"href":"https:\/\/kulturkreis-wattenbek.de\/index.php?rest_route=\/wp\/v2\/types\/page"}],"author":[{"embeddable":true,"href":"https:\/\/kulturkreis-wattenbek.de\/index.php?rest_route=\/wp\/v2\/users\/1"}],"replies":[{"embeddable":true,"href":"https:\/\/kulturkreis-wattenbek.de\/index.php?rest_route=%2Fwp%2Fv2%2Fcomments&post=141"}],"version-history":[{"count":15,"href":"https:\/\/kulturkreis-wattenbek.de\/index.php?rest_route=\/wp\/v2\/pages\/141\/revisions"}],"predecessor-version":[{"id":1456,"href":"https:\/\/kulturkreis-wattenbek.de\/index.php?rest_route=\/wp\/v2\/pages\/141\/revisions\/1456"}],"up":[{"embeddable":true,"href":"https:\/\/kulturkreis-wattenbek.de\/index.php?rest_route=\/wp\/v2\/pages\/125"}],"wp:attachment":[{"href":"https:\/\/kulturkreis-wattenbek.de\/index.php?rest_route=%2Fwp%2Fv2%2Fmedia&parent=141"}],"curies":[{"name":"wp","href":"https:\/\/api.w.org\/{rel}","templated":true}]}}