{"id":1399,"date":"2019-03-04T20:04:39","date_gmt":"2019-03-04T19:04:39","guid":{"rendered":"https:\/\/kulturkreis-wattenbek.de\/?page_id=1399"},"modified":"2019-04-10T18:27:03","modified_gmt":"2019-04-10T16:27:03","slug":"boule","status":"publish","type":"page","link":"https:\/\/kulturkreis-wattenbek.de\/?page_id=1399","title":{"rendered":"Boule"},"content":{"rendered":"<p><b> Schnupper-Boule: Mit dem \u201eSchweinchen\u201c auf Kuschelkurs<\/b><\/p>\n<table width=\"700\">\n<tbody>\n<tr>\n<td>Am Freitag, 29.05.15 trafen sich bei zwar bedecktem Himmel, jedoch \u00fcberwiegend trockenem Wetter wagemutige Wattenbeker Kulturkreisfreunde, um sich im Boule spielen zu \u00fcben. Nach einigen einleitenden Erkl\u00e4rungen von Fachfrau Irmtraud ging es in zwei Mannschaften zu je sechs Personen darum, m\u00f6glichst nahe mit der eigenen Kugel an die kleine Holzkugel \u2013 das Schweinchen \u2013 zu gelangen.<\/p>\n<p><img loading=\"lazy\" decoding=\"async\" src=\"https:\/\/kulturkreis-wattenbek.de\/wp-content\/uploads\/2019\/03\/boul_150529_08-1.jpg\" width=\"700\" height=\"491\" border=\"0\" \/><\/p>\n<p>Mit viel Spa\u00df und Gel\u00e4chter wurden die Kugeln mehr oder weniger fachm\u00e4nnisch \u00fcber die Bahn gerollt. Einige schafften es, mit dem Schweinchen auf Kuschelkurs zu gehen, andere bef\u00f6rderten ihre Kugel enthusiastisch gleich ins Aus, oder sch\u00e4tzten die Entfernung noch nicht so richtig ein und waren zu zaghaft, so dass die Kugel auf halbem Wege \u201everhungerte\u201c.<\/p>\n<p><img loading=\"lazy\" decoding=\"async\" src=\"https:\/\/kulturkreis-wattenbek.de\/wp-content\/uploads\/2019\/03\/boul_150529_03-1.jpg\" width=\"700\" height=\"454\" border=\"0\" \/><\/p>\n<p>Aber immer wieder \u00fcberraschte eine Mitspielerin oder ein Mitspieler die Teamkollegen mit einem \u00fcberaus zielgenauen Wurf. Besonders, wenn eine Kugel der gegnerischen Mannschaft direkt neben dem Schweinchen parkte, waren Killerw\u00fcrfe gefragt, die entweder die Kugel wegfegten oder wahlweise auch das Schweinchen aus der Umarmung befreiten.<\/p>\n<p><img loading=\"lazy\" decoding=\"async\" src=\"https:\/\/kulturkreis-wattenbek.de\/wp-content\/uploads\/2019\/03\/boul_150529_01-1.jpg\" width=\"700\" height=\"403\" border=\"0\" \/><\/p>\n<p>Allen hat es gro\u00dfen Spa\u00df gebracht, so dass sofort ein neuer Termin vereinbart wurde, zu dem nat\u00fcrlich auch alle diejenigen eingeladen sind, die am Freitag nicht konnten. Wir treffen uns Mittwochs in den ungeraden Woche um 17.00 Uhr auf dem Boule-Platz beim Sportplatz an der Grundschule. Kugeln sind vorhanden, doch d\u00fcrfen eigene Kugeln gern mitgebracht werden. Auch ein Tuch ist von Nutzen, um die Kugel nach jedem Einsatz wieder zu s\u00e4ubern. Wir freuen uns auf eine rege Teilnahme.<\/p>\n<p><em>(Hella Kohlmeyer)<\/em><\/p>\n<p>aktualisiert M\u00e4rz 2019<\/td>\n<\/tr>\n<\/tbody>\n<\/table>\n","protected":false},"excerpt":{"rendered":"<p>Schnupper-Boule: Mit dem \u201eSchweinchen\u201c auf Kuschelkurs Am Freitag, 29.05.15 trafen sich bei zwar bedecktem Himmel, jedoch \u00fcberwiegend trockenem Wetter wagemutige Wattenbeker Kulturkreisfreunde, um sich im Boule spielen zu \u00fcben. Nach einigen einleitenden Erkl\u00e4rungen von Fachfrau Irmtraud ging es in zwei Mannschaften zu je sechs Personen darum, m\u00f6glichst nahe mit der eigenen Kugel an die kleine [&hellip;]<\/p>\n","protected":false},"author":7,"featured_media":0,"parent":127,"menu_order":0,"comment_status":"closed","ping_status":"closed","template":"","meta":{"footnotes":""},"class_list":["post-1399","page","type-page","status-publish","hentry"],"_links":{"self":[{"href":"https:\/\/kulturkreis-wattenbek.de\/index.php?rest_route=\/wp\/v2\/pages\/1399","targetHints":{"allow":["GET"]}}],"collection":[{"href":"https:\/\/kulturkreis-wattenbek.de\/index.php?rest_route=\/wp\/v2\/pages"}],"about":[{"href":"https:\/\/kulturkreis-wattenbek.de\/index.php?rest_route=\/wp\/v2\/types\/page"}],"author":[{"embeddable":true,"href":"https:\/\/kulturkreis-wattenbek.de\/index.php?rest_route=\/wp\/v2\/users\/7"}],"replies":[{"embeddable":true,"href":"https:\/\/kulturkreis-wattenbek.de\/index.php?rest_route=%2Fwp%2Fv2%2Fcomments&post=1399"}],"version-history":[{"count":8,"href":"https:\/\/kulturkreis-wattenbek.de\/index.php?rest_route=\/wp\/v2\/pages\/1399\/revisions"}],"predecessor-version":[{"id":2243,"href":"https:\/\/kulturkreis-wattenbek.de\/index.php?rest_route=\/wp\/v2\/pages\/1399\/revisions\/2243"}],"up":[{"embeddable":true,"href":"https:\/\/kulturkreis-wattenbek.de\/index.php?rest_route=\/wp\/v2\/pages\/127"}],"wp:attachment":[{"href":"https:\/\/kulturkreis-wattenbek.de\/index.php?rest_route=%2Fwp%2Fv2%2Fmedia&parent=1399"}],"curies":[{"name":"wp","href":"https:\/\/api.w.org\/{rel}","templated":true}]}}