{"id":1325,"date":"2019-02-28T22:43:30","date_gmt":"2019-02-28T21:43:30","guid":{"rendered":"https:\/\/kulturkreis-wattenbek.de\/?page_id=1325"},"modified":"2019-03-03T17:46:12","modified_gmt":"2019-03-03T16:46:12","slug":"testseite","status":"publish","type":"page","link":"https:\/\/kulturkreis-wattenbek.de\/?page_id=1325","title":{"rendered":"19. Wattenbeker Kunstausstellung"},"content":{"rendered":"<p>&nbsp;<\/p>\n<p><span style=\"font-size: 32px; color: #ff0000;\">2018: Die 19. Wattenbeker Kunstausstellung<\/span><\/p>\n<p><span style=\"font-size: 24px;\"><strong>&#8222;Eine Augenweide, was K\u00fcnstler uns heute hier geboten haben&#8220;<\/strong><\/span><\/p>\n<ol start=\"3\">\n<li style=\"text-align: left;\">und 04. Februar 2018<\/li>\n<\/ol>\n<p><img loading=\"lazy\" decoding=\"async\" src=\"https:\/\/kulturkreis-wattenbek.de\/wp-content\/uploads\/2019\/02\/kunstausstellung_2018_04.jpg\" width=\"800\" height=\"370\" border=\"0\" \/><\/p>\n<table width=\"800\">\n<tbody>\n<tr>\n<td width=\"800\">Am 3.Februar 2018 war es wieder mal so weit: F\u00fcr den Vorstand des Kulturkreises sprach Peter Kneuttinger<br \/>\nlaunige und knappe Er\u00f6ffnungsworte, bedankte sich bei mir mit Blumen und erteilte mir das Wort. Ich wies<br \/>\ndarauf hin, dass dies wohl die einzige Ausstellung ist, wo man seine Werke f\u00fcr einen Kuchen und 10 \u20ac einem<br \/>\ngro\u00dfen Publikum zeigen kann und au\u00dferdem hinterher noch eine Pr\u00e4sentation im World Wide Web bekommt.<br \/>\nEinzigartig ist es aber auch f\u00fcr die Besucher: Sie m\u00fcssen keine Reden von lokalen Honoratioren, kein langes<br \/>\nKunst-Bla-Bla von Kunsthistorikern, nicht mal mehr lange musikalische Darbietungen ertragen und sie k\u00f6nnen<br \/>\nnicht nur die Kunstwerke, sondern auch die Kuchen der K\u00fcnstlerinnen und K\u00fcnstler genie\u00dfen. Und bevor den<br \/>\nersten der Arm mit dem Glas in der Hand abstarb, war die Ausstellung schon er\u00f6ffnet. N\u00e4chstes Mal gibt es<br \/>\naber auch wieder die Danksagungen an die Gemeinde und die vielen Helfer des<br \/>\nKulturkreises!<\/td>\n<\/tr>\n<\/tbody>\n<\/table>\n<table width=\"800\">\n<tbody>\n<tr>\n<td width=\"800\">\n<p><figure style=\"width: 800px\" class=\"wp-caption alignnone\"><img loading=\"lazy\" decoding=\"async\" src=\"https:\/\/kulturkreis-wattenbek.de\/wp-content\/uploads\/2019\/02\/kuenstlergruppe_2018_01.jpg\" alt=\"\" width=\"800\" height=\"451\" border=\"0\" \/><figcaption class=\"wp-caption-text\">Am Sonntag waren 23 K\u00fcnstlerinnen und K\u00fcnstler zufrieden \u00fcber das Interesse von \u00fcber 500 Besuchern. Von links nach rechts: Hockend: Susanne Ingwersen, Karen Thilo-Nass, Petra G. Dietrich, Klaus Hach, Annegret Schr\u00f6ter, Stehend: Klaus-Detlef Neumann, Rotraud Gudrun Honisch, S\u00f6nke Delfs, Mareike Schereika, Anke Horst, Monika Schiefer, Jens Clau\u00dfen. Brigitte Borchardt, Edward Scheelck, Anja Nitschmann, Anne Koch-Gorges, Volker Heidemann, Hannelore Herrmann, Rose Meyer-Hakelberg, Fritz Delfs nicht auf dem Foto: Heinrich Eggers, Edzard Ihnen, Horst Neumann,<\/figcaption><\/figure><\/td>\n<\/tr>\n<\/tbody>\n<\/table>\n<table width=\"800\">\n<tbody>\n<tr>\n<td width=\"800\"><img loading=\"lazy\" decoding=\"async\" src=\"https:\/\/kulturkreis-wattenbek.de\/wp-content\/uploads\/2019\/02\/kunstausstellung_2018_12.jpg\" width=\"800\" height=\"557\" border=\"0\" \/><\/p>\n<p>Die lokale Holzbildhauergruppe hatte als Schwerpunkt \u201eKakteen zum Streicheln\u201c. Man glaubt es kaum, aber<br \/>\nes gibt solche \u2013 aber nur in einer Richtung! Unsere lassen sich in alle Richtungen streicheln.<\/p>\n<p><img loading=\"lazy\" decoding=\"async\" src=\"https:\/\/kulturkreis-wattenbek.de\/wp-content\/uploads\/2019\/02\/kunstausstellung_2018_13.jpg\" width=\"700\" height=\"298\" border=\"0\" \/><\/p>\n<p>&nbsp;<\/p>\n<figure style=\"width: 800px\" class=\"wp-caption alignnone\"><img loading=\"lazy\" decoding=\"async\" src=\"https:\/\/kulturkreis-wattenbek.de\/wp-content\/uploads\/2019\/02\/kunstausstellung_2018_11.jpg\" alt=\"\" width=\"800\" height=\"332\" border=\"0\" \/><figcaption class=\"wp-caption-text\">Die Ruhe vor dem \u201eSturm\u201c \u2013 alles sieht ganz \u00fcbersichtlich aus.<\/figcaption><\/figure>\n<figure style=\"width: 800px\" class=\"wp-caption alignnone\"><img loading=\"lazy\" decoding=\"async\" src=\"https:\/\/kulturkreis-wattenbek.de\/wp-content\/uploads\/2019\/02\/kunstausstellung_2018_05.jpg\" alt=\"\" width=\"800\" height=\"493\" border=\"0\" \/><figcaption class=\"wp-caption-text\">Bekannte wurden begr\u00fc\u00dft \u2013<\/figcaption><\/figure>\n<p><img loading=\"lazy\" decoding=\"async\" src=\"https:\/\/kulturkreis-wattenbek.de\/wp-content\/uploads\/2019\/02\/kunstausstellung_2018_09.jpg\" width=\"800\" height=\"492\" border=\"0\" \/><\/p>\n<figure style=\"width: 800px\" class=\"wp-caption alignnone\"><img loading=\"lazy\" decoding=\"async\" src=\"https:\/\/kulturkreis-wattenbek.de\/wp-content\/uploads\/2019\/02\/kunstausstellung_2018_08.jpg\" alt=\"\" width=\"800\" height=\"476\" border=\"0\" \/><figcaption class=\"wp-caption-text\">fachgesimpelt wurde, hier bestimmt \u00fcber Holz von Heinrich und Edzard mit Mareike Schereika \u2013<\/figcaption><\/figure>\n<figure style=\"width: 800px\" class=\"wp-caption alignleft\"><img loading=\"lazy\" decoding=\"async\" title=\"und bei Fritz Delfs ging es sicher um Farben.\" src=\"https:\/\/kulturkreis-wattenbek.de\/wp-content\/uploads\/2019\/02\/kunstausstellung_2018_07.jpg\" alt=\"\" width=\"800\" height=\"512\" border=\"0\" \/><figcaption class=\"wp-caption-text\">und bei Fritz Delfs ging es sicher um Farben.<\/figcaption><\/figure>\n<p>&nbsp;<\/td>\n<\/tr>\n<\/tbody>\n<\/table>\n<table width=\"700\">\n<tbody>\n<tr>\n<td><em>(Text: Volker Heidemann, Fotos: Reiner Heyse)<\/em><\/td>\n<\/tr>\n<\/tbody>\n<\/table>\n","protected":false},"excerpt":{"rendered":"<p>&nbsp; 2018: Die 19. Wattenbeker Kunstausstellung &#8222;Eine Augenweide, was K\u00fcnstler uns heute hier geboten haben&#8220; und 04. Februar 2018 Am 3.Februar 2018 war es wieder mal so weit: F\u00fcr den Vorstand des Kulturkreises sprach Peter Kneuttinger launige und knappe Er\u00f6ffnungsworte, bedankte sich bei mir mit Blumen und erteilte mir das Wort. Ich wies darauf hin, [&hellip;]<\/p>\n","protected":false},"author":7,"featured_media":0,"parent":952,"menu_order":1,"comment_status":"closed","ping_status":"closed","template":"page-templates\/page_front-page.php","meta":{"footnotes":""},"class_list":["post-1325","page","type-page","status-publish","hentry"],"_links":{"self":[{"href":"https:\/\/kulturkreis-wattenbek.de\/index.php?rest_route=\/wp\/v2\/pages\/1325","targetHints":{"allow":["GET"]}}],"collection":[{"href":"https:\/\/kulturkreis-wattenbek.de\/index.php?rest_route=\/wp\/v2\/pages"}],"about":[{"href":"https:\/\/kulturkreis-wattenbek.de\/index.php?rest_route=\/wp\/v2\/types\/page"}],"author":[{"embeddable":true,"href":"https:\/\/kulturkreis-wattenbek.de\/index.php?rest_route=\/wp\/v2\/users\/7"}],"replies":[{"embeddable":true,"href":"https:\/\/kulturkreis-wattenbek.de\/index.php?rest_route=%2Fwp%2Fv2%2Fcomments&post=1325"}],"version-history":[{"count":9,"href":"https:\/\/kulturkreis-wattenbek.de\/index.php?rest_route=\/wp\/v2\/pages\/1325\/revisions"}],"predecessor-version":[{"id":1383,"href":"https:\/\/kulturkreis-wattenbek.de\/index.php?rest_route=\/wp\/v2\/pages\/1325\/revisions\/1383"}],"up":[{"embeddable":true,"href":"https:\/\/kulturkreis-wattenbek.de\/index.php?rest_route=\/wp\/v2\/pages\/952"}],"wp:attachment":[{"href":"https:\/\/kulturkreis-wattenbek.de\/index.php?rest_route=%2Fwp%2Fv2%2Fmedia&parent=1325"}],"curies":[{"name":"wp","href":"https:\/\/api.w.org\/{rel}","templated":true}]}}