{"id":131,"date":"2016-04-17T21:17:35","date_gmt":"2016-04-17T19:17:35","guid":{"rendered":"http:\/\/test.koljastrohm-games.com\/?page_id=131"},"modified":"2025-05-24T22:22:15","modified_gmt":"2025-05-24T20:22:15","slug":"vorstandsatzung","status":"publish","type":"page","link":"https:\/\/kulturkreis-wattenbek.de\/?page_id=131","title":{"rendered":"Vorstand\/Satzung"},"content":{"rendered":"<table style=\"width: 600px; height: 839px;\" border=\"0\" frame=\"VOID\" rules=\"NONE\" cellspacing=\"0\">\n<colgroup>\n<col width=\"127\" \/>\n<col width=\"157\" \/>\n<col width=\"141\" \/><\/colgroup>\n<tbody>\n<tr style=\"height: 99px;\">\n<td style=\"width: 175.617px; height: 99px;\" align=\"LEFT\" valign=\"TOP\" height=\"173\"><span style=\"font-family: Georgia; font-size: medium;\">1. Vorsitzende <\/span><\/td>\n<td style=\"width: 274.583px; height: 99px;\" align=\"LEFT\" valign=\"TOP\"><span style=\"font-family: Georgia; font-size: medium;\">Ilona Kazmirowicz-Grzunka<br \/>\nTel. <span class=\"cmp_parsed_phone\" data-cmp_parsed_phone=\"+491631667011\" data-ce-class=\"Phones\">0163 166 70 11<\/span><br \/>\n<\/span><\/td>\n<td style=\"width: 137.4px; height: 99px;\" align=\"CENTER\"><img loading=\"lazy\" decoding=\"async\" class=\"alignnone  wp-image-64334\" src=\"https:\/\/kulturkreis-wattenbek.de\/wp-content\/uploads\/2022\/08\/Ilona-225x300.jpg\" alt=\"\" width=\"101\" height=\"134\" srcset=\"https:\/\/kulturkreis-wattenbek.de\/wp-content\/uploads\/2022\/08\/Ilona-225x300.jpg 225w, https:\/\/kulturkreis-wattenbek.de\/wp-content\/uploads\/2022\/08\/Ilona-768x1024.jpg 768w, https:\/\/kulturkreis-wattenbek.de\/wp-content\/uploads\/2022\/08\/Ilona-1152x1536.jpg 1152w, https:\/\/kulturkreis-wattenbek.de\/wp-content\/uploads\/2022\/08\/Ilona-1536x2048.jpg 1536w, https:\/\/kulturkreis-wattenbek.de\/wp-content\/uploads\/2022\/08\/Ilona-830x1107.jpg 830w, https:\/\/kulturkreis-wattenbek.de\/wp-content\/uploads\/2022\/08\/Ilona-230x307.jpg 230w, https:\/\/kulturkreis-wattenbek.de\/wp-content\/uploads\/2022\/08\/Ilona-350x467.jpg 350w, https:\/\/kulturkreis-wattenbek.de\/wp-content\/uploads\/2022\/08\/Ilona.jpg 1693w\" sizes=\"auto, (max-width: 101px) 100vw, 101px\" \/><\/td>\n<\/tr>\n<tr style=\"height: 122px;\">\n<td style=\"width: 175.617px; height: 122px;\" align=\"LEFT\" valign=\"TOP\" height=\"173\"><span style=\"font-family: Georgia; font-size: medium;\">2. Vorsitzende <\/span><\/td>\n<td style=\"width: 274.583px; height: 122px;\" align=\"LEFT\" valign=\"TOP\"><span style=\"font-family: Georgia; font-size: medium;\">Birgit L\u00fcffe-Moltzen<br \/>\nTel. 04322 888970<\/span><\/td>\n<td style=\"width: 137.4px; height: 122px;\" align=\"CENTER\"><img loading=\"lazy\" decoding=\"async\" class=\"alignnone wp-image-1489\" src=\"https:\/\/kulturkreis-wattenbek.de\/wp-content\/uploads\/2019\/07\/Birgit-Passbild-234x300.jpg\" alt=\"\" width=\"100\" height=\"128\" srcset=\"https:\/\/kulturkreis-wattenbek.de\/wp-content\/uploads\/2019\/07\/Birgit-Passbild-234x300.jpg 234w, https:\/\/kulturkreis-wattenbek.de\/wp-content\/uploads\/2019\/07\/Birgit-Passbild-768x986.jpg 768w, https:\/\/kulturkreis-wattenbek.de\/wp-content\/uploads\/2019\/07\/Birgit-Passbild-797x1024.jpg 797w, https:\/\/kulturkreis-wattenbek.de\/wp-content\/uploads\/2019\/07\/Birgit-Passbild-830x1066.jpg 830w, https:\/\/kulturkreis-wattenbek.de\/wp-content\/uploads\/2019\/07\/Birgit-Passbild-230x295.jpg 230w, https:\/\/kulturkreis-wattenbek.de\/wp-content\/uploads\/2019\/07\/Birgit-Passbild-350x450.jpg 350w, https:\/\/kulturkreis-wattenbek.de\/wp-content\/uploads\/2019\/07\/Birgit-Passbild.jpg 1167w\" sizes=\"auto, (max-width: 100px) 100vw, 100px\" \/><\/td>\n<\/tr>\n<tr style=\"height: 120px;\">\n<td style=\"width: 175.617px; height: 120px;\" align=\"LEFT\" valign=\"TOP\" height=\"173\"><span style=\"font-family: Georgia; font-size: medium;\">Schatzmeisterin<\/span><\/td>\n<td style=\"width: 274.583px; height: 120px;\" align=\"LEFT\" valign=\"TOP\"><span style=\"font-family: Georgia; font-size: medium;\">Petra Mari\u00df-Gronau<br \/>\nTel. 04322 691852<\/span><\/td>\n<td style=\"width: 137.4px; height: 120px;\" align=\"CENTER\"><img loading=\"lazy\" decoding=\"async\" class=\"alignnone wp-image-2650 size-full\" src=\"https:\/\/kulturkreis-wattenbek.de\/wp-content\/uploads\/2020\/05\/Petra-Mari\u00df-Gronau-neu2-e1589380461635.jpg\" alt=\"\" width=\"100\" height=\"133\" \/><\/td>\n<\/tr>\n<tr style=\"height: 127px;\">\n<td style=\"width: 175.617px; height: 127px;\" align=\"LEFT\" valign=\"TOP\" height=\"173\"><span style=\"font-family: Georgia; font-size: medium;\">Beisitzerin<\/span><\/td>\n<td style=\"width: 274.583px; height: 127px;\" align=\"LEFT\" valign=\"TOP\"><span style=\"font-family: Georgia; font-size: medium;\">Anke Mielke-Salmassi<br \/>\nTel. 04322 4432696<br \/>\n<\/span><\/td>\n<td style=\"width: 137.4px; height: 127px;\" align=\"CENTER\"><img loading=\"lazy\" decoding=\"async\" class=\"alignnone wp-image-1488\" src=\"https:\/\/kulturkreis-wattenbek.de\/wp-content\/uploads\/2019\/07\/Anke-Salmassi-Passbild-233x300.jpg\" alt=\"\" width=\"100\" height=\"129\" srcset=\"https:\/\/kulturkreis-wattenbek.de\/wp-content\/uploads\/2019\/07\/Anke-Salmassi-Passbild-233x300.jpg 233w, https:\/\/kulturkreis-wattenbek.de\/wp-content\/uploads\/2019\/07\/Anke-Salmassi-Passbild-230x296.jpg 230w, https:\/\/kulturkreis-wattenbek.de\/wp-content\/uploads\/2019\/07\/Anke-Salmassi-Passbild.jpg 338w\" sizes=\"auto, (max-width: 100px) 100vw, 100px\" \/><\/td>\n<\/tr>\n<tr style=\"height: 119px;\">\n<td style=\"width: 175.617px; height: 119px;\" align=\"LEFT\" valign=\"TOP\" height=\"173\"><span style=\"font-family: Georgia; font-size: medium;\">Beisitzerin<\/span><\/td>\n<td style=\"width: 274.583px; height: 119px;\" align=\"LEFT\" valign=\"TOP\"><span style=\"font-family: Georgia; font-size: medium;\">Wiebke Kuhn<br \/>\nTel. 04322 4010<\/span><\/td>\n<td style=\"width: 137.4px; height: 119px;\" align=\"CENTER\"><img loading=\"lazy\" decoding=\"async\" class=\"alignnone wp-image-1487\" src=\"https:\/\/kulturkreis-wattenbek.de\/wp-content\/uploads\/2019\/07\/Wiebke-Passbild-234x300.jpg\" alt=\"\" width=\"100\" height=\"128\" srcset=\"https:\/\/kulturkreis-wattenbek.de\/wp-content\/uploads\/2019\/07\/Wiebke-Passbild-234x300.jpg 234w, https:\/\/kulturkreis-wattenbek.de\/wp-content\/uploads\/2019\/07\/Wiebke-Passbild-230x295.jpg 230w, https:\/\/kulturkreis-wattenbek.de\/wp-content\/uploads\/2019\/07\/Wiebke-Passbild.jpg 279w\" sizes=\"auto, (max-width: 100px) 100vw, 100px\" \/><\/td>\n<\/tr>\n<tr style=\"height: 126px;\">\n<td style=\"width: 175.617px; height: 126px;\" align=\"LEFT\" valign=\"TOP\" height=\"173\"><span style=\"font-family: Georgia; font-size: medium;\">Beisitzerin<\/span><\/td>\n<td style=\"width: 274.583px; height: 126px;\" align=\"LEFT\" valign=\"TOP\"><span style=\"font-family: Georgia; font-size: medium;\">Heinke F\u00f6h<br \/>\nTel. 04322 9894<\/span><\/td>\n<td style=\"width: 137.4px; height: 126px;\" align=\"CENTER\"><img loading=\"lazy\" decoding=\"async\" class=\"alignnone wp-image-1491\" src=\"https:\/\/kulturkreis-wattenbek.de\/wp-content\/uploads\/2019\/07\/Heinke-Passbild-233x300.jpg\" alt=\"\" width=\"100\" height=\"129\" srcset=\"https:\/\/kulturkreis-wattenbek.de\/wp-content\/uploads\/2019\/07\/Heinke-Passbild-233x300.jpg 233w, https:\/\/kulturkreis-wattenbek.de\/wp-content\/uploads\/2019\/07\/Heinke-Passbild-230x296.jpg 230w, https:\/\/kulturkreis-wattenbek.de\/wp-content\/uploads\/2019\/07\/Heinke-Passbild.jpg 335w\" sizes=\"auto, (max-width: 100px) 100vw, 100px\" \/><\/td>\n<\/tr>\n<tr style=\"height: 126px;\">\n<td style=\"width: 175.617px; height: 126px;\" align=\"LEFT\" valign=\"TOP\" height=\"173\"><span style=\"font-family: Georgia; font-size: medium;\">Beisitzerin<\/span><\/td>\n<td style=\"width: 274.583px; height: 126px;\" align=\"LEFT\" valign=\"TOP\"><span style=\"font-family: Georgia; font-size: medium;\">Brigitte Ro\u00dfmann-Heyse<br \/>\nTel. 04322 691830<\/span><\/td>\n<td style=\"width: 137.4px; height: 126px;\" align=\"CENTER\"><img loading=\"lazy\" decoding=\"async\" class=\"alignnone wp-image-1490\" src=\"https:\/\/kulturkreis-wattenbek.de\/wp-content\/uploads\/2019\/07\/Brigitte-Passbild-233x300.jpg\" alt=\"\" width=\"100\" height=\"129\" srcset=\"https:\/\/kulturkreis-wattenbek.de\/wp-content\/uploads\/2019\/07\/Brigitte-Passbild-233x300.jpg 233w, https:\/\/kulturkreis-wattenbek.de\/wp-content\/uploads\/2019\/07\/Brigitte-Passbild-230x296.jpg 230w, https:\/\/kulturkreis-wattenbek.de\/wp-content\/uploads\/2019\/07\/Brigitte-Passbild-350x450.jpg 350w, https:\/\/kulturkreis-wattenbek.de\/wp-content\/uploads\/2019\/07\/Brigitte-Passbild.jpg 738w\" sizes=\"auto, (max-width: 100px) 100vw, 100px\" \/><\/td>\n<\/tr>\n<\/tbody>\n<\/table>\n<table style=\"width: 600px;\" width=\"600\">\n<tbody>\n<tr>\n<td>Der Jahresbeitrag betr\u00e4gt f\u00fcr alle Mitglieder einheitlich 15,00 \u20ac.<br \/>\nEine Staffelung des Beitrags ist nicht vorgesehen.<br \/>\nKinder unter 18 Jahren sind bei einem Elternteil beitragsfreies Mitglied.<a href=\"https:\/\/kulturkreis-wattenbek.de\/wp-content\/uploads\/2025\/05\/Beitrittserklaerung-Formula-Ausfuellbar-Mai2025.pdf\" target=\"_blank\" rel=\"noopener\">Beitrittserkl\u00e4rung\u00a0<\/a> kann am PC ausgef\u00fcllt<\/p>\n<p><a href=\"https:\/\/kulturkreis-wattenbek.de\/wp-content\/uploads\/2019\/08\/Satzung_2011.pdf\" target=\"_blank\" rel=\"noopener noreferrer\">Die Satzung<\/a><\/td>\n<\/tr>\n<\/tbody>\n<\/table>\n<table width=\"700\">\n<tbody>\n<tr>\n<td><\/td>\n<\/tr>\n<\/tbody>\n<\/table>\n","protected":false},"excerpt":{"rendered":"<p>1. Vorsitzende Ilona Kazmirowicz-Grzunka Tel. 0163 166 70 11 2. Vorsitzende Birgit L\u00fcffe-Moltzen Tel. 04322 888970 Schatzmeisterin Petra Mari\u00df-Gronau Tel. 04322 691852 Beisitzerin Anke Mielke-Salmassi Tel. 04322 4432696 Beisitzerin Wiebke Kuhn Tel. 04322 4010 Beisitzerin Heinke F\u00f6h Tel. 04322 9894 Beisitzerin Brigitte Ro\u00dfmann-Heyse Tel. 04322 691830 Der Jahresbeitrag betr\u00e4gt f\u00fcr alle Mitglieder einheitlich 15,00 \u20ac. [&hellip;]<\/p>\n","protected":false},"author":1,"featured_media":0,"parent":0,"menu_order":0,"comment_status":"closed","ping_status":"closed","template":"page-templates\/page_front-page.php","meta":{"footnotes":""},"class_list":["post-131","page","type-page","status-publish","hentry"],"_links":{"self":[{"href":"https:\/\/kulturkreis-wattenbek.de\/index.php?rest_route=\/wp\/v2\/pages\/131","targetHints":{"allow":["GET"]}}],"collection":[{"href":"https:\/\/kulturkreis-wattenbek.de\/index.php?rest_route=\/wp\/v2\/pages"}],"about":[{"href":"https:\/\/kulturkreis-wattenbek.de\/index.php?rest_route=\/wp\/v2\/types\/page"}],"author":[{"embeddable":true,"href":"https:\/\/kulturkreis-wattenbek.de\/index.php?rest_route=\/wp\/v2\/users\/1"}],"replies":[{"embeddable":true,"href":"https:\/\/kulturkreis-wattenbek.de\/index.php?rest_route=%2Fwp%2Fv2%2Fcomments&post=131"}],"version-history":[{"count":52,"href":"https:\/\/kulturkreis-wattenbek.de\/index.php?rest_route=\/wp\/v2\/pages\/131\/revisions"}],"predecessor-version":[{"id":152340,"href":"https:\/\/kulturkreis-wattenbek.de\/index.php?rest_route=\/wp\/v2\/pages\/131\/revisions\/152340"}],"wp:attachment":[{"href":"https:\/\/kulturkreis-wattenbek.de\/index.php?rest_route=%2Fwp%2Fv2%2Fmedia&parent=131"}],"curies":[{"name":"wp","href":"https:\/\/api.w.org\/{rel}","templated":true}]}}