{"id":127,"date":"2016-04-17T21:15:53","date_gmt":"2016-04-17T19:15:53","guid":{"rendered":"http:\/\/test.koljastrohm-games.com\/?page_id=127"},"modified":"2020-05-13T16:10:07","modified_gmt":"2020-05-13T14:10:07","slug":"aktivitaeten","status":"publish","type":"page","link":"https:\/\/kulturkreis-wattenbek.de\/?page_id=127","title":{"rendered":"Aktivit\u00e4ten"},"content":{"rendered":"<h3 align=\"center\"><b><span style=\"font-family: Comic Sans MS;\">Aktivit\u00e4ten im Kulturkreis Wattenbek e.V.<\/span><\/b><\/h3>\n<p align=\"left\"><span style=\"font-family: Comic Sans MS;\"> Zum Beispiel: Wer hat Interesse an Bildhauerei ? <\/span> <span style=\"font-family: Comic Sans MS;\">(M\u00e4rz 2005)<\/span><\/p>\n<p align=\"left\"><span style=\"font-family: Comic Sans MS;\">Aufruf zur Beteiligung an einem Schachclub f\u00fcr Kinder <\/span><span style=\"font-family: Comic Sans MS;\">(Oktober 2003)<\/span><\/p>\n<p align=\"left\"><span style=\"font-family: Comic Sans MS;\">Der Kulturkreis Wattenbek e.V. unterst\u00fctzt vielf\u00e4ltige Aktivit\u00e4ten, die von B\u00fcrgerinnen und B\u00fcrgern angeregt und von ihnen vorbereitet oder sogar durchgef\u00fchrt werden. Im Folgenden nennen wir ein paar &#8222;high lights&#8220;. Weitere weniger aufw\u00e4ndige Aktivit\u00e4ten sind unter dem Archiv der <a href=\"http:\/\/www.wattenbek-archiv.de\/kulturkreis\/veranstaltungen\/veranst_frame.htm\" target=\"_blank\" rel=\"noopener noreferrer\">Veranstaltungen<\/a> zu finden.<\/span><\/p>\n<h3 align=\"center\"><b><span style=\"font-family: Comic Sans MS;\">Reisen verbindet&#8230;<\/span><\/b><\/h3>\n<p align=\"center\"><span style=\"font-family: Comic Sans MS;\">Der Kulturkreis Wattenbek e. V. bietet im Rahmen seiner Aktivit\u00e4ten auch Reisen an, welche ausschlie\u00dflich von Mitgliedern organisiert und durchgef\u00fchrt werden.<\/span><\/p>\n<p align=\"center\"><span style=\"font-family: Comic Sans MS;\">Wer Interesse an der Gestaltung einer Reise oder deren Durchf\u00fchrung hat, kann sich gern direkt beim <\/span> <a href=\"https:\/\/kulturkreis-wattenbek.de\/?page_id=131\"><span style=\"font-family: Comic Sans MS;\">Vorstand<\/span><\/a> <span style=\"font-family: Comic Sans MS;\">melden.<\/span><\/p>\n<p align=\"center\"><img loading=\"lazy\" decoding=\"async\" src=\"https:\/\/kulturkreis-wattenbek.de\/wp-content\/uploads\/2016\/04\/BD05680_-1.gif\" width=\"216\" height=\"170\" border=\"0\" \/><\/p>\n<h3 align=\"center\"><b><span style=\"font-family: Comic Sans MS;\">\u00dcbers Kochen kommt man ins Gespr\u00e4ch&#8230;<\/span><\/b><\/h3>\n<p align=\"center\"><span style=\"font-family: Comic Sans MS;\">stellten 7 Wattenbeker Frauen fest und forderten alle MitbewohnerInnen auf, ihre Lieblingsrezepte f\u00fcr die Erstellung eines Kochbuchs zur Verf\u00fcgung zu stellen.<\/span><\/p>\n<p align=\"center\"><span style=\"font-family: Comic Sans MS;\">Das Ergebnis war \u00fcberw\u00e4ltigend. Mehr als 50 Leute machten mit und das Kochbuch wurde ein durchschlagender Erfolg. Nicht nur wegen der vielen tollen Rezepte und einer Auflage von derzeit 2600 Exemplaren, sondern vor allem wegen der vielf\u00e4ltigen Gespr\u00e4chsankn\u00fcpfungspunkte, die sich aus dem Buch heraus ergaben fand es rei\u00dfenden Absatz. Auf diesen Archiv-Seiten gibt es <\/span><a href=\"http:\/\/www.wattenbek-archiv.de\/kulturkreis\/arbeitskreise\/kochbuch\/neue_rezepte\/neue_rezepte_frame.htm\" target=\"_blank\" rel=\"noopener noreferrer\"><span style=\"font-family: Comic Sans MS;\">Up-dates<\/span><\/a> <span style=\"font-family: Comic Sans MS;\"> zum Buch.<\/span><\/p>\n<p align=\"center\"><img loading=\"lazy\" decoding=\"async\" src=\"https:\/\/kulturkreis-wattenbek.de\/wp-content\/uploads\/2016\/04\/koch_ei-1.jpg\" width=\"164\" height=\"203\" border=\"0\" \/><\/p>\n<h3 align=\"center\"><span style=\"font-family: Comic Sans MS;\"><b>Wo man singt&#8230;<\/b><\/span><\/h3>\n<p align=\"center\"><span style=\"font-family: Comic Sans MS;\">da lass dich ruhig nieder. Nicht um zu rasten, sondern um neue Erfahrungen zu machen, zusammen zu singen und neue Leute kennenzulernen: Mit einem Wattenbeker Frauenchor fing es an, zusammen mit dem bereits l\u00e4nger bestehenden Reesdorfer Chor wurde daraus CHORIOSO. Empfehlung an Jeden: Zuh\u00f6ren und Genie\u00dfen &#8211; oder sogar mitmachen?<\/span><\/p>\n<p align=\"center\"><a href=\"https:\/\/kulturkreis-wattenbek.de\/?page_id=169\"><img loading=\"lazy\" decoding=\"async\" class=\"alignnone\" src=\"https:\/\/kulturkreis-wattenbek.de\/wp-content\/uploads\/2016\/04\/chorioso_art-1.gif\" alt=\"\" width=\"291\" height=\"71\" border=\"0\" \/><\/a><\/p>\n","protected":false},"excerpt":{"rendered":"<p>Aktivit\u00e4ten im Kulturkreis Wattenbek e.V. Zum Beispiel: Wer hat Interesse an Bildhauerei ? (M\u00e4rz 2005) Aufruf zur Beteiligung an einem Schachclub f\u00fcr Kinder (Oktober 2003) Der Kulturkreis Wattenbek e.V. unterst\u00fctzt vielf\u00e4ltige Aktivit\u00e4ten, die von B\u00fcrgerinnen und B\u00fcrgern angeregt und von ihnen vorbereitet oder sogar durchgef\u00fchrt werden. Im Folgenden nennen wir ein paar &#8222;high lights&#8220;. Weitere [&hellip;]<\/p>\n","protected":false},"author":1,"featured_media":0,"parent":0,"menu_order":0,"comment_status":"closed","ping_status":"closed","template":"page-templates\/page_front-page.php","meta":{"footnotes":""},"class_list":["post-127","page","type-page","status-publish","hentry"],"_links":{"self":[{"href":"https:\/\/kulturkreis-wattenbek.de\/index.php?rest_route=\/wp\/v2\/pages\/127","targetHints":{"allow":["GET"]}}],"collection":[{"href":"https:\/\/kulturkreis-wattenbek.de\/index.php?rest_route=\/wp\/v2\/pages"}],"about":[{"href":"https:\/\/kulturkreis-wattenbek.de\/index.php?rest_route=\/wp\/v2\/types\/page"}],"author":[{"embeddable":true,"href":"https:\/\/kulturkreis-wattenbek.de\/index.php?rest_route=\/wp\/v2\/users\/1"}],"replies":[{"embeddable":true,"href":"https:\/\/kulturkreis-wattenbek.de\/index.php?rest_route=%2Fwp%2Fv2%2Fcomments&post=127"}],"version-history":[{"count":16,"href":"https:\/\/kulturkreis-wattenbek.de\/index.php?rest_route=\/wp\/v2\/pages\/127\/revisions"}],"predecessor-version":[{"id":2626,"href":"https:\/\/kulturkreis-wattenbek.de\/index.php?rest_route=\/wp\/v2\/pages\/127\/revisions\/2626"}],"wp:attachment":[{"href":"https:\/\/kulturkreis-wattenbek.de\/index.php?rest_route=%2Fwp%2Fv2%2Fmedia&parent=127"}],"curies":[{"name":"wp","href":"https:\/\/api.w.org\/{rel}","templated":true}]}}